{"id":10520,"date":"2026-04-17T17:52:06","date_gmt":"2026-04-17T17:52:06","guid":{"rendered":"https:\/\/www.hazeville.fr\/blog\/"},"modified":"2026-04-20T19:02:32","modified_gmt":"2026-04-20T19:02:32","slug":"blog","status":"publish","type":"page","link":"https:\/\/www.hazeville.fr\/en\/blog\/","title":{"rendered":"Blog"},"content":{"rendered":"<h1 class=\"has-text-align-center wp-block-heading\">Blog &#038; Ressources<\/h1>\n\n\n\n<p class=\"has-text-align-center\">Decouvrez nos articles et guides pour organiser votre evenement au Chateau d&rsquo;Hazeville.<\/p>\n\n\n\n<h2 class=\"wp-block-heading\">Derniers articles<\/h2>\n\n\n<ul class=\"wp-block-list\">\n<li><a href=\"https:\/\/www.hazeville.fr\/pates-vexin-cadeau-gourmand-invites-mariage\/\">P\u00e2tes du Vexin : le cadeau gourmand parfait pour vos invit\u00e9s de mariage<\/a><\/li>\n<li><a href=\"https:\/\/www.hazeville.fr\/retraite-direction-chateau-guide-pratique\/\">Organiser une retraite de direction dans un ch\u00e2teau : guide pratique<\/a><\/li>\n<li><a href=\"https:\/\/www.hazeville.fr\/choisir-traiteur-mariage-chateau-val-doise\/\">Comment choisir son traiteur pour un mariage en ch\u00e2teau en Val-d\u2019Oise<\/a><\/li>\n<li><a href=\"https:\/\/www.hazeville.fr\/photos-mariage-chateau-spots-incontournables\/\">Photos de mariage au ch\u00e2teau : nos 10 spots incontournables<\/a><\/li>\n<li><a href=\"https:\/\/www.hazeville.fr\/ceremonie-laique-plein-air-mariage-chateau\/\">C\u00e9r\u00e9monie la\u00efque en plein air : nos conseils pour un mariage r\u00e9ussi au ch\u00e2teau<\/a><\/li>\n<li><a href=\"https:\/\/www.hazeville.fr\/pates-artisanales-vexin-savoir-faire-chateau\/\">P\u00e2tes artisanales du Vexin : histoire d\u2019un savoir-faire au c\u0153ur du ch\u00e2teau<\/a><\/li>\n<li><a href=\"https:\/\/www.hazeville.fr\/mariage-100-personnes-ile-de-france-guide\/\">Mariage 100 personnes en \u00cele-de-France : guide budg\u00e9taire et organisationnel<\/a><\/li>\n<li><a href=\"https:\/\/www.hazeville.fr\/incentive-ile-de-france-activites-originales-equipes\/\">Incentive en \u00cele-de-France : 7 id\u00e9es d\u2019activit\u00e9s originales pour vos \u00e9quipes<\/a><\/li>\n<li><a href=\"https:\/\/www.hazeville.fr\/temoignages-mariages-chateau-hazeville\/\">Mariage au Ch\u00e2teau d\u2019Hazeville : t\u00e9moignages et photos de couples<\/a><\/li>\n<li><a href=\"https:\/\/www.hazeville.fr\/tournage-decors-naturels-raisons-chateau-ile-de-france\/\">Tournage en d\u00e9cors naturels : 5 raisons de choisir un ch\u00e2teau en \u00cele-de-France<\/a><\/li>\n<\/ul>\n\n\n\n<h2 class=\"wp-block-heading\">Mariages<\/h2>\n\n\n<ul class=\"wp-block-list\">\n<li><a href=\"https:\/\/www.hazeville.fr\/mariage-chateau-val-doise\/\">Mariage Ch\u00e2teau Val d\u2019Oise<\/a><\/li>\n<li><a href=\"https:\/\/www.hazeville.fr\/mariage-chateau-proche-paris\/\">Mariage Ch\u00e2teau Proche Paris<\/a><\/li>\n<li><a href=\"https:\/\/www.hazeville.fr\/mariage-intime-chateau-ile-de-france\/\">Mariage Intime Ch\u00e2teau \u00cele-de-France<\/a><\/li>\n<li><a href=\"https:\/\/www.hazeville.fr\/mariage-champetre-chic-ile-de-france\/\">Mariage Champ\u00eatre Chic \u00cele-de-France<\/a><\/li>\n<li><a href=\"https:\/\/www.hazeville.fr\/mariage-multiculturel-chateau-paris\/\">Mariage Multiculturel Ch\u00e2teau Paris<\/a><\/li>\n<li><a href=\"https:\/\/www.hazeville.fr\/lieu-mariage-ile-de-france-location-seche\/\">Lieu Mariage \u00cele-de-France Location S\u00e8che<\/a><\/li>\n<li><a href=\"https:\/\/www.hazeville.fr\/mariage-weekend-chateau-ile-de-france\/\">Mariage Week-End Ch\u00e2teau \u00cele-de-France<\/a><\/li>\n<li><a href=\"https:\/\/www.hazeville.fr\/mariage-piscine-chateau-ile-de-france\/\">Mariage avec Piscine Ch\u00e2teau \u00cele-de-France<\/a><\/li>\n<\/ul>\n\n\n\n<h2 class=\"wp-block-heading\">Seminaires &#038; Corporate<\/h2>\n\n\n<ul class=\"wp-block-list\">\n<li><a href=\"https:\/\/www.hazeville.fr\/seminaire-residentiel-proche-paris\/\">S\u00e9minaire R\u00e9sidentiel Proche Paris<\/a><\/li>\n<li><a href=\"https:\/\/www.hazeville.fr\/seminaire-ile-de-france-avec-hebergement\/\">S\u00e9minaire en \u00cele-de-France avec h\u00e9bergement sur place<\/a><\/li>\n<li><a href=\"https:\/\/www.hazeville.fr\/seminaire-direction-chateau-paris\/\">S\u00e9minaire de direction en ch\u00e2teau pr\u00e8s de Paris<\/a><\/li>\n<li><a href=\"https:\/\/www.hazeville.fr\/seminaire-cohesion-equipe-chateau\/\">S\u00e9minaire de coh\u00e9sion d\u2019\u00e9quipe en ch\u00e2teau<\/a><\/li>\n<li><a href=\"https:\/\/www.hazeville.fr\/lancement-produit-chateau-paris\/\">Lancement de produit en ch\u00e2teau pr\u00e8s de Paris<\/a><\/li>\n<li><a href=\"https:\/\/www.hazeville.fr\/retraite-direction-comite-executif-chateau\/\">Retraite de direction et comit\u00e9 ex\u00e9cutif en ch\u00e2teau<\/a><\/li>\n<\/ul>\n\n\n\n<h2 class=\"wp-block-heading\">Tournage &#038; Photo<\/h2>\n\n\n<ul class=\"wp-block-list\">\n<li><a href=\"https:\/\/www.hazeville.fr\/location-tournage-chateau-ile-de-france\/\">Location Tournage Ch\u00e2teau \u00cele-de-France<\/a><\/li>\n<li><a href=\"https:\/\/www.hazeville.fr\/shooting-photo-chateau-ile-de-france\/\">Shooting photo en ch\u00e2teau en \u00cele-de-France<\/a><\/li>\n<li><a href=\"https:\/\/www.hazeville.fr\/location-tournage-publicite-chateau\/\">Location ch\u00e2teau pour tournage publicitaire<\/a><\/li>\n<li><a href=\"https:\/\/www.hazeville.fr\/location-chateau-mode-shooting-luxe\/\">Location ch\u00e2teau pour shooting mode et luxe<\/a><\/li>\n<li><a href=\"https:\/\/www.hazeville.fr\/tournage-documentaire-chateau-ile-de-france\/\">Tournage documentaire en ch\u00e2teau \u00cele-de-France<\/a><\/li>\n<\/ul>\n\n\n\n<h2 class=\"wp-block-heading\">Hebergement<\/h2>\n\n\n<ul class=\"wp-block-list\">\n<li><a href=\"https:\/\/www.hazeville.fr\/hebergement-groupe-chateau-ile-de-france\/\">H\u00e9bergement Groupe Ch\u00e2teau \u00cele-de-France<\/a><\/li>\n<li><a href=\"https:\/\/www.hazeville.fr\/suite-luxe-pigeonnier-val-doise\/\">Suite Luxe Pigeonnier Val d\u2019Oise<\/a><\/li>\n<li><a href=\"https:\/\/www.hazeville.fr\/location-gite-groupe-val-doise\/\">Location G\u00eete Groupe Val d\u2019Oise<\/a><\/li>\n<li><a href=\"https:\/\/www.hazeville.fr\/location-week-end-groupe-proche-paris\/\">Location Week-End Groupe Proche Paris<\/a><\/li>\n<li><a href=\"https:\/\/www.hazeville.fr\/location-chateau-complet-ile-de-france\/\">Location Ch\u00e2teau Complet \u00cele-de-France<\/a><\/li>\n<\/ul>\n\n\n\n<h2 class=\"wp-block-heading\">Offres hors-saison<\/h2>\n\n\n<ul class=\"wp-block-list\">\n<li><a href=\"https:\/\/www.hazeville.fr\/mariage-hors-saison-chateau\/\">Mariage Hors-Saison au Ch\u00e2teau<\/a><\/li>\n<li><a href=\"https:\/\/www.hazeville.fr\/mariage-hiver-chateau-ile-de-france\/\">Mariage Hiver Ch\u00e2teau \u00cele-de-France<\/a><\/li>\n<li><a href=\"https:\/\/www.hazeville.fr\/mariage-semaine-chateau-remise\/\">Mariage en Semaine Ch\u00e2teau Remise 5 000\u20ac<\/a><\/li>\n<li><a href=\"https:\/\/www.hazeville.fr\/seminaire-hors-saison-chateau-paris\/\">S\u00e9minaire Hors-Saison Ch\u00e2teau Paris<\/a><\/li>\n<\/ul>","protected":false},"excerpt":{"rendered":"<p>Blog &#038; Ressources Decouvrez nos articles et guides pour organiser votre evenement au Chateau d&rsquo;Hazeville. Derniers articles P\u00e2tes du Vexin : le cadeau gourmand parfait pour vos invit\u00e9s de mariage Organiser une retraite de direction dans un ch\u00e2teau : guide pratique Comment choisir son traiteur pour un mariage en ch\u00e2teau en Val-d\u2019Oise Photos de mariage [&hellip;]<\/p>\n","protected":false},"author":2,"featured_media":0,"parent":0,"menu_order":0,"comment_status":"closed","ping_status":"closed","template":"","meta":{"_et_pb_use_builder":"","_et_pb_old_content":"","_et_gb_content_width":"","footnotes":""},"class_list":["post-10520","page","type-page","status-publish","hentry"],"_links":{"self":[{"href":"https:\/\/www.hazeville.fr\/en\/wp-json\/wp\/v2\/pages\/10520","targetHints":{"allow":["GET"]}}],"collection":[{"href":"https:\/\/www.hazeville.fr\/en\/wp-json\/wp\/v2\/pages"}],"about":[{"href":"https:\/\/www.hazeville.fr\/en\/wp-json\/wp\/v2\/types\/page"}],"author":[{"embeddable":true,"href":"https:\/\/www.hazeville.fr\/en\/wp-json\/wp\/v2\/users\/2"}],"replies":[{"embeddable":true,"href":"https:\/\/www.hazeville.fr\/en\/wp-json\/wp\/v2\/comments?post=10520"}],"version-history":[{"count":3,"href":"https:\/\/www.hazeville.fr\/en\/wp-json\/wp\/v2\/pages\/10520\/revisions"}],"predecessor-version":[{"id":13591,"href":"https:\/\/www.hazeville.fr\/en\/wp-json\/wp\/v2\/pages\/10520\/revisions\/13591"}],"wp:attachment":[{"href":"https:\/\/www.hazeville.fr\/en\/wp-json\/wp\/v2\/media?parent=10520"}],"curies":[{"name":"wp","href":"https:\/\/api.w.org\/{rel}","templated":true}]}}