{"id":1253,"date":"2026-04-01T09:01:22","date_gmt":"2026-04-01T09:01:22","guid":{"rendered":"https:\/\/www.hazeville.fr\/?page_id=1253"},"modified":"2026-04-20T19:06:13","modified_gmt":"2026-04-20T19:06:13","slug":"seminaire-janvier-mars-chateau-val-doise","status":"publish","type":"page","link":"https:\/\/www.hazeville.fr\/en\/seminaire-janvier-mars-chateau-val-doise\/","title":{"rendered":"S\u00e9minaire Janvier-Mars Ch\u00e2teau Val d&rsquo;Oise | Ch\u00e2teau d&rsquo;Hazeville"},"content":{"rendered":"<p><a class=\"hz-wa-btn\" href=\"https:\/\/wa.me\/33614197930?text=%2AChateau%20d%27Hazeville%2A%0A%0ABonjour%20%21%20Je%20suis%20interesse%28e%29%20par%20vos%20prestations.%0A%0ANom%20Prenom%20%3A%20%0ANombre%20d%27invites%20%3A%20%0AMois%20ou%20date%20visee%20%3A%20%0AAnnee%20du%20mariage%20%3A%20%0A%0APouvez-vous%20m%27envoyer%20la%20brochure%20et%20me%20rappeler%20pour%20un%20pre-devis%20%3F%0AMerci%20%21\" target=\"_blank\" rel=\"noopener\" aria-label=\"Contacter par WhatsApp\"><br \/>\n<span class=\"hz-wa-tooltip\">Nous contacter sur WhatsApp<\/span><br \/>\n<svg viewBox=\"0 0 24 24\" xmlns=\"http:\/\/www.w3.org\/2000\/svg\"><path d=\"M17.472 14.382c-.297-.149-1.758-.867-2.03-.967-.273-.099-.471-.148-.67.15-.197.297-.767.966-.94 1.164-.173.199-.347.223-.644.075-.297-.15-1.255-.463-2.39-1.475-.883-.788-1.48-1.761-1.653-2.059-.173-.297-.018-.458.13-.606.134-.133.298-.347.446-.52.149-.174.198-.298.298-.497.099-.198.05-.371-.025-.52-.075-.149-.669-1.612-.916-2.207-.242-.579-.487-.5-.669-.51-.173-.008-.371-.01-.57-.01-.198 0-.52.074-.792.372-.272.297-1.04 1.016-1.04 2.479 0 1.462 1.065 2.875 1.213 3.074.149.198 2.096 3.2 5.077 4.487.709.306 1.262.489 1.694.625.712.227 1.36.195 1.871.118.571-.085 1.758-.719 2.006-1.413.248-.694.248-1.289.173-1.413-.074-.124-.272-.198-.57-.347m-5.421 7.403h-.004a9.87 9.87 0 01-5.031-1.378l-.361-.214-3.741.982.998-3.648-.235-.374a9.86 9.86 0 01-1.51-5.26c.001-5.45 4.436-9.884 9.888-9.884 2.64 0 5.122 1.03 6.988 2.898a9.825 9.825 0 012.893 6.994c-.003 5.45-4.437 9.884-9.885 9.884m8.413-18.297A11.815 11.815 0 0012.05 0C5.495 0 .16 5.335.157 11.892c0 2.096.547 4.142 1.588 5.945L.057 24l6.305-1.654a11.882 11.882 0 005.683 1.448h.005c6.554 0 11.89-5.335 11.893-11.893a11.821 11.821 0 00-3.48-8.413Z\"\/><\/svg><br \/>\n<\/a><\/p>\n<p><a class=\"hz-cta-fab\" href=\"\/contact\/\" aria-label=\"Demander un devis\"><br \/>\n<svg viewBox=\"0 0 24 24\"><path d=\"M20 4H4c-1.1 0-1.99.9-1.99 2L2 18c0 1.1.9 2 2 2h16c1.1 0 2-.9 2-2V6c0-1.1-.9-2-2-2zm0 4l-8 5-8-5V6l8 5 8-5v2z\"\/><\/svg><br \/>\n<span>Demander un devis<\/span><br \/>\n<\/a><\/p>\n<p>De janvier \u00e0 mars, le <strong>Ch\u00e2teau d&rsquo;Hazeville<\/strong> est particuli\u00e8rement disponible pour vos s\u00e9minaires. C&rsquo;est la p\u00e9riode id\u00e9ale pour lancer l&rsquo;ann\u00e9e avec vos \u00e9quipes dans un cadre exceptionnel, \u00e0 40 minutes de Paris, en Val d&rsquo;Oise.<\/p>\n<div class=\"wp-block-group has-background is-layout-constrained wp-block-group-is-layout-constrained\" style=\"background-color:#F2EDE4;padding:2rem;border-radius:12px;margin-bottom:1.5rem\">\n<h2 class=\"wp-block-heading\">Lancer l&rsquo;ann\u00e9e avec vos \u00e9quipes au ch\u00e2teau<\/h2>\n<figure class=\"wp-block-image size-large\"><img decoding=\"async\" width=\"1024\" height=\"683\" data-src=\"https:\/\/www.hazeville.fr\/wp-content\/uploads\/2026\/03\/Salle-Percier_Hazeville-1-1-1024x683.jpg\" alt=\"Shooting &#8211; D\u00e9coration de table\" class=\"wp-image-1917 lazyload\" data-srcset=\"https:\/\/www.hazeville.fr\/wp-content\/uploads\/2026\/03\/Salle-Percier_Hazeville-1-1-980x653.jpg 980w, https:\/\/www.hazeville.fr\/wp-content\/uploads\/2026\/03\/Salle-Percier_Hazeville-1-1-480x320.jpg 480w\" data-sizes=\"(min-width: 0px) and (max-width: 480px) 480px, (min-width: 481px) and (max-width: 980px) 980px, (min-width: 981px) 1024px, 100vw\" src=\"data:image\/svg+xml;base64,PHN2ZyB3aWR0aD0iMSIgaGVpZ2h0PSIxIiB4bWxucz0iaHR0cDovL3d3dy53My5vcmcvMjAwMC9zdmciPjwvc3ZnPg==\" style=\"--smush-placeholder-width: 1024px; --smush-placeholder-aspect-ratio: 1024\/683;\" srcset=\"https:\/\/www.hazeville.fr\/wp-content\/uploads\/2026\/03\/Salle-Percier_Hazeville-1-1-980x653.jpg 980w, https:\/\/www.hazeville.fr\/wp-content\/uploads\/2026\/03\/Salle-Percier_Hazeville-1-1-480x320.jpg 480w\" sizes=\"(min-width: 0px) and (max-width: 480px) 480px, (min-width: 481px) and (max-width: 980px) 980px, (min-width: 981px) 1024px, 100vw\" \/><\/figure>\n<p>Janvier, c&rsquo;est le moment des nouvelles orientations strat\u00e9giques. Un s\u00e9minaire de rentr\u00e9e dans un ch\u00e2teau historique envoie un signal fort \u00e0 vos collaborateurs : l&rsquo;ann\u00e9e qui commence m\u00e9rite un cadre \u00e0 la hauteur des ambitions. Le Ch\u00e2teau d&rsquo;Hazeville, b\u00e2ti en 1560, est ce cadre.<\/p>\n<\/div>\n<div class=\"wp-block-group has-background is-layout-constrained wp-block-group-is-layout-constrained\" style=\"background-color:#FFFFFF;padding:2rem;border-radius:12px;margin-bottom:1.5rem\">\n<h2 class=\"wp-block-heading\">Capacit\u00e9s et \u00e9quipements<\/h2>\n<ul class=\"wp-block-list\">\n<li>Salles modulables : Fontaine, Percier, 3 Arches<\/li>\n<li>45 couchages r\u00e9sidentiels sur place<\/li>\n<li>WiFi haut d\u00e9bit  :  parc 4ha pour activit\u00e9s ext\u00e9rieures<\/li>\n<li>Traiteurs partenaires : buffets, repas d&rsquo;affaires, d\u00eeners de gala<\/li>\n<\/ul>\n<\/div>\n<div class=\"wp-block-group has-background is-layout-constrained wp-block-group-is-layout-constrained\" style=\"background-color:#EDE8DF;padding:2rem;border-radius:12px;margin-bottom:1.5rem\">\n<h2 class=\"wp-block-heading\">Id\u00e9al pour les s\u00e9minaires r\u00e9sidentiels<\/h2>\n<p>Le s\u00e9minaire r\u00e9sidentiel  :  avec h\u00e9bergement sur place  :  est le format le plus efficace pour des d\u00e9cisions importantes. En logeant vos \u00e9quipes au ch\u00e2teau, vous maximisez le temps de travail, favorisez les \u00e9changes informels et cr\u00e9ez une coh\u00e9sion durable.<\/p>\n<\/div>\n<div class=\"wp-block-group has-background is-layout-constrained wp-block-group-is-layout-constrained\" style=\"background-color:#FAF8F5;padding:2rem;border-radius:12px;margin-bottom:1.5rem\">\n<h2 class=\"wp-block-heading\">FAQ  :  S\u00e9minaire janvier-mars<\/h2>\n<\/div>\n<div class=\"wp-block-group has-background is-layout-constrained wp-block-group-is-layout-constrained\" style=\"background-color:#F2EDE4;padding:2rem;border-radius:12px;margin-bottom:1.5rem\">\n<h3 class=\"wp-block-heading\">Le ch\u00e2teau est-il disponible en janvier ?<\/h3>\n<p>Oui. Janvier est l&rsquo;un des mois les plus disponibles. Contactez-nous pour v\u00e9rifier les dates.<\/p>\n<\/div>\n<div class=\"wp-block-group has-background is-layout-constrained wp-block-group-is-layout-constrained\" style=\"background-color:#FFFFFF;padding:2rem;border-radius:12px;margin-bottom:1.5rem\">\n<h3 class=\"wp-block-heading\">\u00c0 d\u00e9couvrir aussi<\/h3>\n<ul class=\"wp-block-list\">\n<li><a href=\"https:\/\/www.hazeville.fr\/mariage-derniere-minute-chateau-95\/\">Mariage Derni\u00e8re Minute Ch\u00e2teau Val d&rsquo;Oise | Ch\u00e2teau d&rsquo;Hazeville<\/a><\/li>\n<li><a href=\"https:\/\/www.hazeville.fr\/mariage-hors-saison-chateau\/\">Mariage Hors-Saison au Ch\u00e2teau | Remise 3 500\u20ac \u00e0 5 000\u20ac<\/a><\/li>\n<li><a href=\"https:\/\/www.hazeville.fr\/mariage-receptions\/\">Mariages au Ch\u00e2teau<\/a><\/li>\n<\/ul>\n<style id=\"wpforms-css-vars-1226\">\n\t\t\t\t#wpforms-1226 {\n\t\t\t\t--wpforms-container-padding: 0px;\n--wpforms-container-border-width: 1px;\n--wpforms-container-border-radius: 3px;\n--wpforms-background-color: rgba(0, 0, 0, 0);\n--wpforms-field-size-input-height: 43px;\n--wpforms-field-size-input-spacing: 15px;\n--wpforms-field-size-font-size: 16px;\n--wpforms-field-size-line-height: 19px;\n--wpforms-field-size-padding-h: 14px;\n--wpforms-field-size-checkbox-size: 16px;\n--wpforms-field-size-sublabel-spacing: 5px;\n--wpforms-field-size-icon-size: 1;\n--wpforms-label-size-font-size: 16px;\n--wpforms-label-size-line-height: 19px;\n--wpforms-label-size-sublabel-font-size: 14px;\n--wpforms-label-size-sublabel-line-height: 17px;\n--wpforms-button-size-font-size: 17px;\n--wpforms-button-size-height: 41px;\n--wpforms-button-size-padding-h: 15px;\n--wpforms-button-size-margin-top: 10px;\n--wpforms-container-shadow-size-box-shadow: none;\n\t\t\t}\n\t\t\t<\/style>\n<div class=\"wpforms-container wpforms-container-full wpforms-render-modern\" id=\"wpforms-1226\">\n<form id=\"wpforms-form-1226\" class=\"wpforms-validate wpforms-form wpforms-ajax-form\" data-formid=\"1226\" method=\"post\" enctype=\"multipart\/form-data\" action=\"\/wp-json\/wp\/v2\/pages?per_page=100&#038;page=1&#038;status=publish%2Cdraft%2Cprivate\" data-token=\"3cd27fb4b0b8566d489a158b5ff89476\" data-token-time=\"1776666460\"><noscript class=\"wpforms-error-noscript\">Please enable JavaScript in your browser to complete this form.<\/noscript><\/p>\n<div id=\"wpforms-error-noscript\" style=\"display: none;\">Please enable JavaScript in your browser to complete this form.<\/div>\n<div class=\"wpforms-field-container\">\n<div id=\"wpforms-1226-field_1-container\" class=\"wpforms-field wpforms-field-name\" data-field-id=\"1\">\n<fieldset>\n<legend class=\"wpforms-field-label\">Name <span class=\"wpforms-required-label\" aria-hidden=\"true\">*<\/span><\/legend>\n<div class=\"wpforms-field-row wpforms-field-medium\">\n<div class=\"wpforms-field-row-block wpforms-first wpforms-one-half\"><input type=\"text\" id=\"wpforms-1226-field_1\" class=\"wpforms-field-name-first wpforms-field-required\" name=\"wpforms[fields][1][first]\" aria-errormessage=\"wpforms-1226-field_1-error\" required><label for=\"wpforms-1226-field_1\" class=\"wpforms-field-sublabel after\">First<\/label><\/div>\n<div class=\"wpforms-field-row-block wpforms-one-half\"><input type=\"text\" id=\"wpforms-1226-field_1-last\" class=\"wpforms-field-name-last wpforms-field-required\" name=\"wpforms[fields][1][last]\" aria-errormessage=\"wpforms-1226-field_1-last-error\" required><label for=\"wpforms-1226-field_1-last\" class=\"wpforms-field-sublabel after\">Last<\/label><\/div>\n<\/div>\n<\/fieldset>\n<\/div>\n<div id=\"wpforms-1226-field_4-container\"\n\t\t\tclass=\"wpforms-field wpforms-field-text\"\n\t\t\tdata-field-type=\"text\"\n\t\t\tdata-field-id=\"4\"\n\t\t\t><br \/>\n\t\t\t<label class=\"wpforms-field-label\" for=\"wpforms-1226-field_4\" >Message Email Comment<\/label><br \/>\n\t\t\t<input type=\"text\" id=\"wpforms-1226-field_4\" class=\"wpforms-field-medium\" name=\"wpforms[fields][4]\" >\n\t\t<\/div>\n<div id=\"wpforms-1226-field_2-container\" class=\"wpforms-field wpforms-field-email\" data-field-id=\"2\"><label class=\"wpforms-field-label\" for=\"wpforms-1226-field_2\">Email <span class=\"wpforms-required-label\" aria-hidden=\"true\">*<\/span><\/label><input type=\"email\" id=\"wpforms-1226-field_2\" class=\"wpforms-field-medium wpforms-field-required\" name=\"wpforms[fields][2]\" spellcheck=\"false\" aria-errormessage=\"wpforms-1226-field_2-error\" required><\/div>\n<div id=\"wpforms-1226-field_3-container\" class=\"wpforms-field wpforms-field-textarea\" data-field-id=\"3\"><label class=\"wpforms-field-label\" for=\"wpforms-1226-field_3\">Comment or Message<\/label><textarea id=\"wpforms-1226-field_3\" class=\"wpforms-field-medium\" name=\"wpforms[fields][3]\" aria-errormessage=\"wpforms-1226-field_3-error\" ><\/textarea><\/div>\n<p><script>\n\t\t\t\t( function() {\n\t\t\t\t\tconst style = document.createElement( 'style' );\n\t\t\t\t\tstyle.appendChild( document.createTextNode( '#wpforms-1226-field_4-container,#wpforms-1224-field_6-container,#wpforms-1214-field_9-container { position: absolute !important; overflow: hidden !important; display: inline !important; height: 1px !important; width: 1px !important; z-index: -1000 !important; padding: 0 !important; } #wpforms-1226-field_4-container,#wpforms-1224-field_6-container,#wpforms-1214-field_9-container input { visibility: hidden; } #wpforms-conversational-form-page #wpforms-1226-field_4-container,#wpforms-1224-field_6-container,#wpforms-1214-field_9-container label { counter-increment: none; }' ) );\n\t\t\t\t\tdocument.head.appendChild( style );\n\t\t\t\t\tdocument.currentScript?.remove();\n\t\t\t\t} )();\n\t\t\t<\/script><\/div>\n<p><!-- .wpforms-field-container --><\/p>\n<div class=\"wpforms-submit-container\" ><input type=\"hidden\" name=\"wpforms[id]\" value=\"1226\">\t\t\t<input\n\t\t\t\ttype=\"hidden\"\n\t\t\t\tname=\"wpforms[nonce]\"\n\t\t\t\tvalue=\"4bf94f30fd\"\n\t\t\t\/><br \/>\n\t\t\t<input type=\"hidden\" name=\"page_title\" value=\"\"><input type=\"hidden\" name=\"page_url\" value=\"https:\/\/www.hazeville.fr\/wp-json\/wp\/v2\/pages?per_page=100&#038;page=1&#038;status=publish,draft,private\"><input type=\"hidden\" name=\"url_referer\" value=\"\"><button type=\"submit\" name=\"wpforms[submit]\" id=\"wpforms-submit-1226\" class=\"wpforms-submit\" data-alt-text=\"Sending...\" data-submit-text=\"Submit\" aria-live=\"assertive\" value=\"wpforms-submit\">Submit<\/button><img decoding=\"async\" data-src=\"https:\/\/www.hazeville.fr\/wp-content\/plugins\/wpforms-lite\/assets\/images\/submit-spin.svg\" class=\"wpforms-submit-spinner lazyload\" style=\"--smush-placeholder-width: 26px; --smush-placeholder-aspect-ratio: 26\/26;display: none;\" width=\"26\" height=\"26\" alt=\"Loading\" src=\"data:image\/svg+xml;base64,PHN2ZyB3aWR0aD0iMSIgaGVpZ2h0PSIxIiB4bWxucz0iaHR0cDovL3d3dy53My5vcmcvMjAwMC9zdmciPjwvc3ZnPg==\"><\/div>\n<\/form>\n<\/div>\n<p>  <!-- .wpforms-container --><\/p>\n<\/div>\n","protected":false},"excerpt":{"rendered":"<p>Nous contacter sur WhatsApp Demander un devis De janvier \u00e0 mars, le Ch\u00e2teau d&rsquo;Hazeville est particuli\u00e8rement disponible pour vos s\u00e9minaires. C&rsquo;est la p\u00e9riode id\u00e9ale pour lancer l&rsquo;ann\u00e9e avec vos \u00e9quipes dans un cadre exceptionnel, \u00e0 40 minutes de Paris, en Val d&rsquo;Oise. Lancer l&rsquo;ann\u00e9e avec vos \u00e9quipes au ch\u00e2teau Janvier, c&rsquo;est le moment des nouvelles [&hellip;]<\/p>\n","protected":false},"author":2,"featured_media":1917,"parent":0,"menu_order":0,"comment_status":"closed","ping_status":"closed","template":"","meta":{"_et_pb_use_builder":"","_et_pb_old_content":"","_et_gb_content_width":"","footnotes":""},"class_list":["post-1253","page","type-page","status-publish","has-post-thumbnail","hentry"],"_links":{"self":[{"href":"https:\/\/www.hazeville.fr\/en\/wp-json\/wp\/v2\/pages\/1253","targetHints":{"allow":["GET"]}}],"collection":[{"href":"https:\/\/www.hazeville.fr\/en\/wp-json\/wp\/v2\/pages"}],"about":[{"href":"https:\/\/www.hazeville.fr\/en\/wp-json\/wp\/v2\/types\/page"}],"author":[{"embeddable":true,"href":"https:\/\/www.hazeville.fr\/en\/wp-json\/wp\/v2\/users\/2"}],"replies":[{"embeddable":true,"href":"https:\/\/www.hazeville.fr\/en\/wp-json\/wp\/v2\/comments?post=1253"}],"version-history":[{"count":88,"href":"https:\/\/www.hazeville.fr\/en\/wp-json\/wp\/v2\/pages\/1253\/revisions"}],"predecessor-version":[{"id":13675,"href":"https:\/\/www.hazeville.fr\/en\/wp-json\/wp\/v2\/pages\/1253\/revisions\/13675"}],"wp:featuredmedia":[{"embeddable":true,"href":"https:\/\/www.hazeville.fr\/en\/wp-json\/wp\/v2\/media\/1917"}],"wp:attachment":[{"href":"https:\/\/www.hazeville.fr\/en\/wp-json\/wp\/v2\/media?parent=1253"}],"curies":[{"name":"wp","href":"https:\/\/api.w.org\/{rel}","templated":true}]}}