{"id":1344,"date":"2026-04-01T07:42:15","date_gmt":"2026-04-01T07:42:15","guid":{"rendered":"https:\/\/www.hazeville.fr\/?page_id=1344"},"modified":"2026-04-20T19:07:55","modified_gmt":"2026-04-20T19:07:55","slug":"notre-equipe","status":"publish","type":"page","link":"https:\/\/www.hazeville.fr\/en\/notre-equipe\/","title":{"rendered":"Notre \u00e9quipe"},"content":{"rendered":"<p><a class=\"hz-wa-btn\" href=\"https:\/\/wa.me\/33614197930?text=%2AChateau%20d%27Hazeville%2A%0A%0ABonjour%20%21%20Je%20suis%20interesse%28e%29%20par%20vos%20prestations.%0A%0ANom%20Prenom%20%3A%20%0ANombre%20d%27invites%20%3A%20%0AMois%20ou%20date%20visee%20%3A%20%0AAnnee%20du%20mariage%20%3A%20%0A%0APouvez-vous%20m%27envoyer%20la%20brochure%20et%20me%20rappeler%20pour%20un%20pre-devis%20%3F%0AMerci%20%21\" target=\"_blank\" rel=\"noopener\" aria-label=\"Contact via WhatsApp\"><br \/>\n<span class=\"hz-wa-tooltip\">Contact us on WhatsApp<\/span><br \/>\n<svg viewbox=\"0 0 24 24\" xmlns=\"http:\/\/www.w3.org\/2000\/svg\"><path d=\"M17.472 14.382c-.297-.149-1.758-.867-2.03-.967-.273-.099-.471-.148-.67.15-.197.297-.767.966-.94 1.164-.173.199-.347.223-.644.075-.297-.15-1.255-.463-2.39-1.475-.883-.788-1.48-1.761-1.653-2.059-.173-.297-.018-.458.13-.606.134-.133.298-.347.446-.52.149-.174.198-.298.298-.497.099-.198.05-.371-.025-.52-.075-.149-.669-1.612-.916-2.207-.242-.579-.487-.5-.669-.51-.173-.008-.371-.01-.57-.01-.198 0-.52.074-.792.372-.272.297-1.04 1.016-1.04 2.479 0 1.462 1.065 2.875 1.213 3.074.149.198 2.096 3.2 5.077 4.487.709.306 1.262.489 1.694.625.712.227 1.36.195 1.871.118.571-.085 1.758-.719 2.006-1.413.248-.694.248-1.289.173-1.413-.074-.124-.272-.198-.57-.347m-5.421 7.403h-.004a9.87 9.87 0 01-5.031-1.378l-.361-.214-3.741.982.998-3.648-.235-.374a9.86 9.86 0 01-1.51-5.26c.001-5.45 4.436-9.884 9.888-9.884 2.64 0 5.122 1.03 6.988 2.898a9.825 9.825 0 012.893 6.994c-.003 5.45-4.437 9.884-9.885 9.884m8.413-18.297A11.815 11.815 0 0012.05 0C5.495 0 .16 5.335.157 11.892c0 2.096.547 4.142 1.588 5.945L.057 24l6.305-1.654a11.882 11.882 0 005.683 1.448h.005c6.554 0 11.89-5.335 11.893-11.893a11.821 11.821 0 00-3.48-8.413Z\"\/><\/svg><br \/>\n<\/a><\/p>\n<p><a class=\"hz-cta-fab\" href=\"\/contact\/\" aria-label=\"Request a quote\"><br \/>\n<svg viewbox=\"0 0 24 24\"><path d=\"M20 4H4c-1.1 0-1.99.9-1.99 2L2 18c0 1.1.9 2 2 2h16c1.1 0 2-.9 2-2V6c0-1.1-.9-2-2-2zm0 4l-8 5-8-5V6l8 5 8-5v2z\"\/><\/svg><br \/>\n<span>Request a quote<\/span><br \/>\n<\/a><\/p>\n<p><script>(function(){var swap=function(){document.querySelectorAll(\"#logo, .logo_container img, #main-header img.logo\").forEach(function(img){if(img.tagName===\"IMG\"){img.src=\"https:\/\/www.hazeville.fr\/wp-content\/uploads\/2026\/04\/logo-hazeville-noir-transparent.png\";img.style.background=\"transparent\";}});};if(document.readyState===\"loading\")document.addEventListener(\"DOMContentLoaded\",swap);else swap();setTimeout(swap,500);setTimeout(swap,2000);})();<\/script><\/p>\n<h1 class=\"has-text-align-center wp-block-heading\" style=\"color:#2C2C2C\">Notre equipe<\/h1>\n<p class=\"has-text-align-center\" style=\"font-size:18px\">Une \u00e9quipe familiale, passionn\u00e9e et a votre ecoute pour faire de votre \u00e9v\u00e9nement un moment inoubliable.<\/p>\n<div class=\"wp-block-columns is-layout-flex wp-container-core-columns-is-layout-e95a7ca1 wp-block-columns-is-layout-flex\" style=\"padding-top:2rem;padding-bottom:2rem\">\n<div class=\"wp-block-column is-layout-flow wp-block-column-is-layout-flow\">\n<h3 class=\"has-text-align-center wp-block-heading\" style=\"color:#8B6914\">Thibault Deneck<\/h3>\n<p class=\"has-text-align-center\" style=\"font-style:italic;font-weight:400\">President &#8211; Exploitant agricole<\/p>\n<p class=\"has-text-align-center\">Thibault g\u00e9r\u00e9 le domaine du Ch\u00e2teau d&rsquo;Hazeville et les P\u00e2tes du Vexin. Exploitant agricole, il cultive le ble a moins d&rsquo;un kilometre du ch\u00e2teau et supervise l&rsquo;ensemble des activites du domaine : \u00e9v\u00e9nements, h\u00e9bergements et production artisanale.<\/p>\n<\/div>\n<div class=\"wp-block-column is-layout-flow wp-block-column-is-layout-flow\">\n<h3 class=\"has-text-align-center wp-block-heading\" style=\"color:#8B6914\">Marie<\/h3>\n<p class=\"has-text-align-center\" style=\"font-style:italic;font-weight:400\">Directrice &amp; Responsable administrative<\/p>\n<p class=\"has-text-align-center\">Marie g\u00e9r\u00e9 le back-office du ch\u00e2teau : comptabilite, facturation, design et suivi des futurs travaux. Elle veille au bon fonctionnement administratif du domaine au quotidien.<\/p>\n<\/div>\n<div class=\"wp-block-column is-layout-flow wp-block-column-is-layout-flow\">\n<h3 class=\"has-text-align-center wp-block-heading\" style=\"color:#8B6914\">Maeva<\/h3>\n<p class=\"has-text-align-center\" style=\"font-style:italic;font-weight:400\">Assistante et accueil (prestataire)<\/p>\n<p class=\"has-text-align-center\">Maeva assure l&rsquo;accueil des visiteurs et l&rsquo;assistance lors des \u00e9v\u00e9nements. Prestataire du ch\u00e2teau, elle accompagne les clients avec sourire et professionnalisme du premier contact au jour J.<\/p>\n<\/div>\n<\/div>\n<hr class=\"wp-block-separator has-text-color has-alpha-channel-opacity has-background is-style-wide\" style=\"background-color:#8B6914;color:#8B6914\"\/>\n<p class=\"has-text-align-center\" style=\"font-size:16px\">Envie de nous rencontrer ? <a href=\"https:\/\/calendly.com\/thibault-hazeville\" target=\"_blank\" rel=\"noopener\">Planifiez une visite gratuite<\/a> ou appelez-nous au <a href=\"tel:+33614197930\">06 14 19 79 30<\/a>.<\/p>","protected":false},"excerpt":{"rendered":"<p>Nous contacter sur WhatsApp Demander un devis Notre equipe Une \u00e9quipe familiale, passionn\u00e9e et a votre ecoute pour faire de votre \u00e9v\u00e9nement un moment inoubliable. Thibault Deneck President &#8211; Exploitant agricole Thibault g\u00e9r\u00e9 le domaine du Ch\u00e2teau d&rsquo;Hazeville et les P\u00e2tes du Vexin. Exploitant agricole, il cultive le ble a moins d&rsquo;un kilometre du ch\u00e2teau [&hellip;]<\/p>\n","protected":false},"author":2,"featured_media":1925,"parent":0,"menu_order":0,"comment_status":"closed","ping_status":"closed","template":"","meta":{"_et_pb_use_builder":"","_et_pb_old_content":"","_et_gb_content_width":"","footnotes":""},"class_list":["post-1344","page","type-page","status-publish","has-post-thumbnail","hentry"],"_links":{"self":[{"href":"https:\/\/www.hazeville.fr\/en\/wp-json\/wp\/v2\/pages\/1344","targetHints":{"allow":["GET"]}}],"collection":[{"href":"https:\/\/www.hazeville.fr\/en\/wp-json\/wp\/v2\/pages"}],"about":[{"href":"https:\/\/www.hazeville.fr\/en\/wp-json\/wp\/v2\/types\/page"}],"author":[{"embeddable":true,"href":"https:\/\/www.hazeville.fr\/en\/wp-json\/wp\/v2\/users\/2"}],"replies":[{"embeddable":true,"href":"https:\/\/www.hazeville.fr\/en\/wp-json\/wp\/v2\/comments?post=1344"}],"version-history":[{"count":97,"href":"https:\/\/www.hazeville.fr\/en\/wp-json\/wp\/v2\/pages\/1344\/revisions"}],"predecessor-version":[{"id":13712,"href":"https:\/\/www.hazeville.fr\/en\/wp-json\/wp\/v2\/pages\/1344\/revisions\/13712"}],"wp:featuredmedia":[{"embeddable":true,"href":"https:\/\/www.hazeville.fr\/en\/wp-json\/wp\/v2\/media\/1925"}],"wp:attachment":[{"href":"https:\/\/www.hazeville.fr\/en\/wp-json\/wp\/v2\/media?parent=1344"}],"curies":[{"name":"wp","href":"https:\/\/api.w.org\/{rel}","templated":true}]}}