{"id":1345,"date":"2026-04-01T07:42:17","date_gmt":"2026-04-01T07:42:17","guid":{"rendered":"https:\/\/www.hazeville.fr\/?page_id=1345"},"modified":"2026-04-20T19:07:52","modified_gmt":"2026-04-20T19:07:52","slug":"comment-ca-se-passe","status":"publish","type":"page","link":"https:\/\/www.hazeville.fr\/en\/comment-ca-se-passe\/","title":{"rendered":"Comment \u00e7a se passe \u2014 Organiser son \u00e9v\u00e9nement au ch\u00e2teau"},"content":{"rendered":"<p><a class=\"hz-wa-btn\" href=\"https:\/\/wa.me\/33614197930?text=%2AChateau%20d%27Hazeville%2A%0A%0ABonjour%20%21%20Je%20suis%20interesse%28e%29%20par%20vos%20prestations.%0A%0ANom%20Prenom%20%3A%20%0ANombre%20d%27invites%20%3A%20%0AMois%20ou%20date%20visee%20%3A%20%0AAnnee%20du%20mariage%20%3A%20%0A%0APouvez-vous%20m%27envoyer%20la%20brochure%20et%20me%20rappeler%20pour%20un%20pre-devis%20%3F%0AMerci%20%21\" target=\"_blank\" rel=\"noopener\" aria-label=\"Contacter par WhatsApp\"><br \/>\n<span class=\"hz-wa-tooltip\">Nous contacter sur WhatsApp<\/span><br \/>\n<svg viewBox=\"0 0 24 24\" xmlns=\"http:\/\/www.w3.org\/2000\/svg\"><path d=\"M17.472 14.382c-.297-.149-1.758-.867-2.03-.967-.273-.099-.471-.148-.67.15-.197.297-.767.966-.94 1.164-.173.199-.347.223-.644.075-.297-.15-1.255-.463-2.39-1.475-.883-.788-1.48-1.761-1.653-2.059-.173-.297-.018-.458.13-.606.134-.133.298-.347.446-.52.149-.174.198-.298.298-.497.099-.198.05-.371-.025-.52-.075-.149-.669-1.612-.916-2.207-.242-.579-.487-.5-.669-.51-.173-.008-.371-.01-.57-.01-.198 0-.52.074-.792.372-.272.297-1.04 1.016-1.04 2.479 0 1.462 1.065 2.875 1.213 3.074.149.198 2.096 3.2 5.077 4.487.709.306 1.262.489 1.694.625.712.227 1.36.195 1.871.118.571-.085 1.758-.719 2.006-1.413.248-.694.248-1.289.173-1.413-.074-.124-.272-.198-.57-.347m-5.421 7.403h-.004a9.87 9.87 0 01-5.031-1.378l-.361-.214-3.741.982.998-3.648-.235-.374a9.86 9.86 0 01-1.51-5.26c.001-5.45 4.436-9.884 9.888-9.884 2.64 0 5.122 1.03 6.988 2.898a9.825 9.825 0 012.893 6.994c-.003 5.45-4.437 9.884-9.885 9.884m8.413-18.297A11.815 11.815 0 0012.05 0C5.495 0 .16 5.335.157 11.892c0 2.096.547 4.142 1.588 5.945L.057 24l6.305-1.654a11.882 11.882 0 005.683 1.448h.005c6.554 0 11.89-5.335 11.893-11.893a11.821 11.821 0 00-3.48-8.413Z\"\/><\/svg><br \/>\n<\/a><\/p>\n<p><a class=\"hz-cta-fab\" href=\"\/contact\/\" aria-label=\"Demander un devis\"><br \/>\n<svg viewBox=\"0 0 24 24\"><path d=\"M20 4H4c-1.1 0-1.99.9-1.99 2L2 18c0 1.1.9 2 2 2h16c1.1 0 2-.9 2-2V6c0-1.1-.9-2-2-2zm0 4l-8 5-8-5V6l8 5 8-5v2z\"\/><\/svg><br \/>\n<span>Demander un devis<\/span><br \/>\n<\/a><\/p>\n<h2 class=\"wp-block-heading\">Les 12 \u00e9tapes de votre \u00e9v\u00e9nement au chateau<\/h2>\n<p>De la premiere prise de contact au lendemain de votre \u00e9v\u00e9nement, nous vous accompagnons a chaque \u00e9tape. Voici comment ca se passe.<\/p>\n<h3 class=\"wp-block-heading\">1. Votre demande<\/h3>\n<p>Vous remplissez le formulaire de contact ou vous nous appelez. Nous prenons connaissance de votre projet : date souhait\u00e9e, nombre d&rsquo;invit\u00e9s, type d&rsquo;\u00e9v\u00e9nement.<\/p>\n<h3 class=\"wp-block-heading\">2. Pr\u00e9-devis personnalis\u00e9<\/h3>\n<p>Sous 24 \u00e0 48h, nous vous envoyons un pre-devis adapt\u00e9 \u00e0 votre nombre de personnes et votre date (haute ou hors saison), avec une id\u00e9e du budget global de votre mariage au ch\u00e2teau. Vous savez o\u00f9 vous allez avant m\u00eame la visite.<\/p>\n<h3 class=\"wp-block-heading\">3. Visite du Ch\u00e2teau<\/h3>\n<p>Nous vous accueillons pour une visite compl\u00e8te : les salles de r\u00e9ception (Fontaine, Percier, 3 Arches), le parc de 6 000 m2, la piscine, les h\u00e9bergements (Loft, Pigeonnier, Gites). C&rsquo;est le moment de vous projeter.<\/p>\n<h3 class=\"wp-block-heading\">4. Deuxi\u00e8me visite (si besoin)<\/h3>\n<p>Certains couples reviennent avec leurs parents ou leurs t\u00e9moins. Nous sommes disponibles pour une autre visite, autant de fois que n\u00e9cessaire.<\/p>\n<h3 class=\"wp-block-heading\">5. Validation et premier acompte<\/h3>\n<p>Vous validez votre date et signez le contrat. Le premier acompte r\u00e9serve le Ch\u00e2teau en exclusivit\u00e9 pour votre \u00e9v\u00e9nement.<\/p>\n<h3 class=\"wp-block-heading\">6. Choix du traiteur<\/h3>\n<p>Vous choisissez votre traiteur dans notre liste de 10 partenaires. Toutes les cuisines, tous les budgets. Vous n\u00e9gociez directement avec le traiteur, sans interm\u00e9diaire.<\/p>\n<h3 class=\"wp-block-heading\">7. Reunion de coordination et acompte 2<\/h3>\n<p>Deux mois avant le jour J, nous organisons une r\u00e9union de coordination pour caler chaque d\u00e9tail : planning, logistique, prestataires, plan de salle. Le deuxi\u00e8me acompte est vers\u00e9 \u00e0 cette \u00e9tape.<\/p>\n<h3 class=\"wp-block-heading\">8. Point semaine -1 &amp; validation m\u00e9t\u00e9o<\/h3>\n<p>La semaine pr\u00e9c\u00e9dant l\u2019\u00e9v\u00e9nement, un dernier \u00e9change pour confirmer les effectifs, les horaires et les acc\u00e8s. Nos responsables administratives valident avec vous les <strong>plans A, B et C<\/strong> en fonction de la m\u00e9t\u00e9o : c\u00e9r\u00e9monie en ext\u00e9rieur ou dans la salle Fontaine&nbsp;? Cocktail sous les marronniers ou \u00e0 couvert&nbsp;? Vous arrivez en terrain connu, sans surprise.<\/p>\n<h3 class=\"wp-block-heading\">9. Jour J<\/h3>\n<p>Le ch\u00e2teau est a vous. Privatisation totale. Notre \u00e9quipe est pr\u00e9sente pour la coordination, l&rsquo;accueil et la gestion des impr\u00e9vus. Vous profitez, on g\u00e8re.<\/p>\n<h3 class=\"wp-block-heading\">10. Check-out<\/h3>\n<p>Le lendemain, d\u00e9part en douceur. Brunch en option pour prolonger le plaisir avec vos proches.<\/p>\n<h3 class=\"wp-block-heading\">11. M\u00e9nage inclus<\/h3>\n<p>Le m\u00e9nage est inclus dans la prestation. Le d\u00e9montage (d\u00e9coration, mobilier supplementaire) reste a votre charge ou celle de vos prestataires.<\/p>\n<h3 class=\"wp-block-heading\">Prendre rendez-vous pour une visite<\/h3>\n<p><a href=\"https:\/\/calendly.com\/thibault-hazeville\" target=\"_blank\" rel=\"noopener\" style=\"background:#C9A96E;color:#2C2C2C;padding:12px 28px;border-radius:4px;text-d\u00e9coration:none;font-weight:600;text-transform:uppercase;letter-spacing:0.05em;\">Planifier une visite du chateau<\/a><\/p>\n<style id=\"wpforms-css-vars-1226\">\n\t\t\t\t#wpforms-1226 {\n\t\t\t\t--wpforms-container-padding: 0px;\n--wpforms-container-border-width: 1px;\n--wpforms-container-border-radius: 3px;\n--wpforms-background-color: rgba(0, 0, 0, 0);\n--wpforms-field-size-input-height: 43px;\n--wpforms-field-size-input-spacing: 15px;\n--wpforms-field-size-font-size: 16px;\n--wpforms-field-size-line-height: 19px;\n--wpforms-field-size-padding-h: 14px;\n--wpforms-field-size-checkbox-size: 16px;\n--wpforms-field-size-sublabel-spacing: 5px;\n--wpforms-field-size-icon-size: 1;\n--wpforms-label-size-font-size: 16px;\n--wpforms-label-size-line-height: 19px;\n--wpforms-label-size-sublabel-font-size: 14px;\n--wpforms-label-size-sublabel-line-height: 17px;\n--wpforms-button-size-font-size: 17px;\n--wpforms-button-size-height: 41px;\n--wpforms-button-size-padding-h: 15px;\n--wpforms-button-size-margin-top: 10px;\n--wpforms-container-shadow-size-box-shadow: none;\n\t\t\t}\n\t\t\t<\/style>\n<div class=\"wpforms-container wpforms-container-full wpforms-render-modern\" id=\"wpforms-1226\">\n<form id=\"wpforms-form-1226\" class=\"wpforms-validate wpforms-form wpforms-ajax-form\" data-formid=\"1226\" method=\"post\" enctype=\"multipart\/form-data\" action=\"\/wp-json\/wp\/v2\/pages?per_page=100&#038;page=2&#038;status=publish%2Cdraft%2Cprivate\" data-token=\"3cd27fb4b0b8566d489a158b5ff89476\" data-token-time=\"1776666685\"><noscript class=\"wpforms-error-noscript\">Please enable JavaScript in your browser to complete this form.<\/noscript><\/p>\n<div id=\"wpforms-error-noscript\" style=\"display: none;\">Please enable JavaScript in your browser to complete this form.<\/div>\n<div class=\"wpforms-field-container\">\n<div id=\"wpforms-1226-field_4-container\"\n\t\t\tclass=\"wpforms-field wpforms-field-text\"\n\t\t\tdata-field-type=\"text\"\n\t\t\tdata-field-id=\"4\"\n\t\t\t><br \/>\n\t\t\t<label class=\"wpforms-field-label\" for=\"wpforms-1226-field_4\" >Name Email Message<\/label><br \/>\n\t\t\t<input type=\"text\" id=\"wpforms-1226-field_4\" class=\"wpforms-field-medium\" name=\"wpforms[fields][4]\" >\n\t\t<\/div>\n<div id=\"wpforms-1226-field_1-container\" class=\"wpforms-field wpforms-field-name\" data-field-id=\"1\">\n<fieldset>\n<legend class=\"wpforms-field-label\">Name <span class=\"wpforms-required-label\" aria-hidden=\"true\">*<\/span><\/legend>\n<div class=\"wpforms-field-row wpforms-field-medium\">\n<div class=\"wpforms-field-row-block wpforms-first wpforms-one-half\"><input type=\"text\" id=\"wpforms-1226-field_1\" class=\"wpforms-field-name-first wpforms-field-required\" name=\"wpforms[fields][1][first]\" aria-errormessage=\"wpforms-1226-field_1-error\" required><label for=\"wpforms-1226-field_1\" class=\"wpforms-field-sublabel after\">First<\/label><\/div>\n<div class=\"wpforms-field-row-block wpforms-one-half\"><input type=\"text\" id=\"wpforms-1226-field_1-last\" class=\"wpforms-field-name-last wpforms-field-required\" name=\"wpforms[fields][1][last]\" aria-errormessage=\"wpforms-1226-field_1-last-error\" required><label for=\"wpforms-1226-field_1-last\" class=\"wpforms-field-sublabel after\">Last<\/label><\/div>\n<\/div>\n<\/fieldset>\n<\/div>\n<div id=\"wpforms-1226-field_2-container\" class=\"wpforms-field wpforms-field-email\" data-field-id=\"2\"><label class=\"wpforms-field-label\" for=\"wpforms-1226-field_2\">Email <span class=\"wpforms-required-label\" aria-hidden=\"true\">*<\/span><\/label><input type=\"email\" id=\"wpforms-1226-field_2\" class=\"wpforms-field-medium wpforms-field-required\" name=\"wpforms[fields][2]\" spellcheck=\"false\" aria-errormessage=\"wpforms-1226-field_2-error\" required><\/div>\n<div id=\"wpforms-1226-field_3-container\" class=\"wpforms-field wpforms-field-textarea\" data-field-id=\"3\"><label class=\"wpforms-field-label\" for=\"wpforms-1226-field_3\">Comment or Message<\/label><textarea id=\"wpforms-1226-field_3\" class=\"wpforms-field-medium\" name=\"wpforms[fields][3]\" aria-errormessage=\"wpforms-1226-field_3-error\" ><\/textarea><\/div>\n<p><script>\n\t\t\t\t( function() {\n\t\t\t\t\tconst style = document.createElement( 'style' );\n\t\t\t\t\tstyle.appendChild( document.createTextNode( '#wpforms-1226-field_4-container,#wpforms-1224-field_6-container,#wpforms-1214-field_9-container { position: absolute !important; overflow: hidden !important; display: inline !important; height: 1px !important; width: 1px !important; z-index: -1000 !important; padding: 0 !important; } #wpforms-1226-field_4-container,#wpforms-1224-field_6-container,#wpforms-1214-field_9-container input { visibility: hidden; } #wpforms-conversational-form-page #wpforms-1226-field_4-container,#wpforms-1224-field_6-container,#wpforms-1214-field_9-container label { counter-increment: none; }' ) );\n\t\t\t\t\tdocument.head.appendChild( style );\n\t\t\t\t\tdocument.currentScript?.remove();\n\t\t\t\t} )();\n\t\t\t<\/script><\/div>\n<p><!-- .wpforms-field-container --><\/p>\n<div class=\"wpforms-submit-container\" ><input type=\"hidden\" name=\"wpforms[id]\" value=\"1226\">\t\t\t<input\n\t\t\t\ttype=\"hidden\"\n\t\t\t\tname=\"wpforms[nonce]\"\n\t\t\t\tvalue=\"4bf94f30fd\"\n\t\t\t\/><br \/>\n\t\t\t<input type=\"hidden\" name=\"page_title\" value=\"\"><input type=\"hidden\" name=\"page_url\" value=\"https:\/\/www.hazeville.fr\/wp-json\/wp\/v2\/pages?per_page=100&#038;page=2&#038;status=publish,draft,private\"><input type=\"hidden\" name=\"url_referer\" value=\"\"><button type=\"submit\" name=\"wpforms[submit]\" id=\"wpforms-submit-1226\" class=\"wpforms-submit\" data-alt-text=\"Sending...\" data-submit-text=\"Submit\" aria-live=\"assertive\" value=\"wpforms-submit\">Submit<\/button><img decoding=\"async\" data-src=\"https:\/\/www.hazeville.fr\/wp-content\/plugins\/wpforms-lite\/assets\/images\/submit-spin.svg\" class=\"wpforms-submit-spinner lazyload\" style=\"--smush-placeholder-width: 26px; --smush-placeholder-aspect-ratio: 26\/26;display: none;\" width=\"26\" height=\"26\" alt=\"Loading\" src=\"data:image\/svg+xml;base64,PHN2ZyB3aWR0aD0iMSIgaGVpZ2h0PSIxIiB4bWxucz0iaHR0cDovL3d3dy53My5vcmcvMjAwMC9zdmciPjwvc3ZnPg==\"><\/div>\n<\/form>\n<\/div>\n<p>  <!-- .wpforms-container --><\/p>\n","protected":false},"excerpt":{"rendered":"<p>Nous contacter sur WhatsApp Demander un devis Les 12 \u00e9tapes de votre \u00e9v\u00e9nement au chateau De la premiere prise de contact au lendemain de votre \u00e9v\u00e9nement, nous vous accompagnons a chaque \u00e9tape. Voici comment ca se passe. 1. Votre demande Vous remplissez le formulaire de contact ou vous nous appelez. Nous prenons connaissance de votre [&hellip;]<\/p>\n","protected":false},"author":2,"featured_media":1912,"parent":0,"menu_order":0,"comment_status":"closed","ping_status":"closed","template":"","meta":{"_et_pb_use_builder":"","_et_pb_old_content":"","_et_gb_content_width":"","footnotes":""},"class_list":["post-1345","page","type-page","status-publish","has-post-thumbnail","hentry"],"_links":{"self":[{"href":"https:\/\/www.hazeville.fr\/en\/wp-json\/wp\/v2\/pages\/1345","targetHints":{"allow":["GET"]}}],"collection":[{"href":"https:\/\/www.hazeville.fr\/en\/wp-json\/wp\/v2\/pages"}],"about":[{"href":"https:\/\/www.hazeville.fr\/en\/wp-json\/wp\/v2\/types\/page"}],"author":[{"embeddable":true,"href":"https:\/\/www.hazeville.fr\/en\/wp-json\/wp\/v2\/users\/2"}],"replies":[{"embeddable":true,"href":"https:\/\/www.hazeville.fr\/en\/wp-json\/wp\/v2\/comments?post=1345"}],"version-history":[{"count":92,"href":"https:\/\/www.hazeville.fr\/en\/wp-json\/wp\/v2\/pages\/1345\/revisions"}],"predecessor-version":[{"id":13711,"href":"https:\/\/www.hazeville.fr\/en\/wp-json\/wp\/v2\/pages\/1345\/revisions\/13711"}],"wp:featuredmedia":[{"embeddable":true,"href":"https:\/\/www.hazeville.fr\/en\/wp-json\/wp\/v2\/media\/1912"}],"wp:attachment":[{"href":"https:\/\/www.hazeville.fr\/en\/wp-json\/wp\/v2\/media?parent=1345"}],"curies":[{"name":"wp","href":"https:\/\/api.w.org\/{rel}","templated":true}]}}