{"id":3942,"date":"2026-04-13T07:46:22","date_gmt":"2026-04-13T07:46:22","guid":{"rendered":"https:\/\/www.hazeville.fr\/visite-3d\/"},"modified":"2026-04-20T19:02:59","modified_gmt":"2026-04-20T19:02:59","slug":"visite-3d","status":"publish","type":"page","link":"https:\/\/www.hazeville.fr\/en\/visite-3d\/","title":{"rendered":"Visite 3D du Chateau d&rsquo;Hazeville"},"content":{"rendered":"<p><a class=\"hz-wa-btn\" href=\"https:\/\/wa.me\/33614197930?text=%2AChateau%20d%27Hazeville%2A%0A%0ABonjour%20%21%20Je%20suis%20interesse%28e%29%20par%20vos%20prestations.%0A%0ANom%20Prenom%20%3A%20%0ANombre%20d%27invites%20%3A%20%0AMois%20ou%20date%20visee%20%3A%20%0AAnnee%20du%20mariage%20%3A%20%0A%0APouvez-vous%20m%27envoyer%20la%20brochure%20et%20me%20rappeler%20pour%20un%20pre-devis%20%3F%0AMerci%20%21\" target=\"_blank\" rel=\"noopener\" aria-label=\"Contacter par WhatsApp\"><br \/>\n<span class=\"hz-wa-tooltip\">Nous contacter sur WhatsApp<\/span><br \/>\n<svg viewBox=\"0 0 24 24\" xmlns=\"http:\/\/www.w3.org\/2000\/svg\"><path d=\"M17.472 14.382c-.297-.149-1.758-.867-2.03-.967-.273-.099-.471-.148-.67.15-.197.297-.767.966-.94 1.164-.173.199-.347.223-.644.075-.297-.15-1.255-.463-2.39-1.475-.883-.788-1.48-1.761-1.653-2.059-.173-.297-.018-.458.13-.606.134-.133.298-.347.446-.52.149-.174.198-.298.298-.497.099-.198.05-.371-.025-.52-.075-.149-.669-1.612-.916-2.207-.242-.579-.487-.5-.669-.51-.173-.008-.371-.01-.57-.01-.198 0-.52.074-.792.372-.272.297-1.04 1.016-1.04 2.479 0 1.462 1.065 2.875 1.213 3.074.149.198 2.096 3.2 5.077 4.487.709.306 1.262.489 1.694.625.712.227 1.36.195 1.871.118.571-.085 1.758-.719 2.006-1.413.248-.694.248-1.289.173-1.413-.074-.124-.272-.198-.57-.347m-5.421 7.403h-.004a9.87 9.87 0 01-5.031-1.378l-.361-.214-3.741.982.998-3.648-.235-.374a9.86 9.86 0 01-1.51-5.26c.001-5.45 4.436-9.884 9.888-9.884 2.64 0 5.122 1.03 6.988 2.898a9.825 9.825 0 012.893 6.994c-.003 5.45-4.437 9.884-9.885 9.884m8.413-18.297A11.815 11.815 0 0012.05 0C5.495 0 .16 5.335.157 11.892c0 2.096.547 4.142 1.588 5.945L.057 24l6.305-1.654a11.882 11.882 0 005.683 1.448h.005c6.554 0 11.89-5.335 11.893-11.893a11.821 11.821 0 00-3.48-8.413Z\"\/><\/svg><br \/>\n<\/a><\/p>\n<p><a class=\"hz-cta-fab\" href=\"\/contact\/\" aria-label=\"Demander un devis\"><br \/>\n<svg viewBox=\"0 0 24 24\"><path d=\"M20 4H4c-1.1 0-1.99.9-1.99 2L2 18c0 1.1.9 2 2 2h16c1.1 0 2-.9 2-2V6c0-1.1-.9-2-2-2zm0 4l-8 5-8-5V6l8 5 8-5v2z\"\/><\/svg><br \/>\n<span>Demander un devis<\/span><br \/>\n<\/a><\/p>\n<style>\n.model-container {\n  width: 100%;\n  max-width: 1200px;\n  height: 80vh;\n  margin: 0 auto;\n  border-radius: 16px;\n  overflow: hidden;\n  background: linear-gradient(135deg, #FAF8F5 0%, #EDE8DF 100%);\n  box-shadow: 0 8px 32px rgba(0,0,0,0.1);\n}\nmodel-viewer {\n  width: 100%;\n  height: 100%;\n  --poster-color: transparent;\n}\nmodel-viewer::part(default-progress-bar) {\n  background-color: #8B6914;\n}\n.model-title {\n  text-align: center;\n  font-family: \"Playfair Display\", serif;\n  color: #8B6914;\n  font-size: 2.2rem;\n  margin-bottom: 1rem;\n}\n.model-subtitle {\n  text-align: center;\n  color: #2C2C2C;\n  font-family: \"Inter\", sans-serif;\n  font-size: 1.1rem;\n  margin-bottom: 2rem;\n  line-height: 1.6;\n}\n.model-instructions {\n  text-align: center;\n  color: #888;\n  font-size: 0.9rem;\n  margin-top: 1rem;\n  font-style: italic;\n}\n<\/style>\n<p><script type=\"module\" src=\"https:\/\/ajax.googleapis.com\/ajax\/libs\/model-viewer\/3.5.0\/model-viewer.min.js\"><\/script><\/p>\n<h2 class=\"model-title\">Le Ch\u00e2teau d&rsquo;Hazeville en 3D<\/h2>\n<p class=\"model-subtitle\">Explorez notre manoir de 1560 sous tous les angles. Zoomez, tournez, d\u00e9couvrez chaque d\u00e9tail de ce lieu d&rsquo;exception nich\u00e9 au c\u0153ur du Vexin fran\u00e7ais.<\/p>\n<div class=\"model-container\">\n  <model-viewer\n    src=\"https:\/\/raw.githubusercontent.com\/thibaultdeneck\/3d_Haz\/main\/hazeville-v1-hd.glb\"\n    alt=\"Maquette 3D du Ch\u00e2teau d'Hazeville - Manoir de 1560 dans le Vexin\"\n    auto-rotate\n    auto-rotate-delay=\"0\"\n    rotation-per-second=\"3deg\"\n    camera-controls\n    touch-action=\"pan-y\"\n    min-camera-orbit=\"-Infinity 45deg 30m\"\n    max-camera-orbit=\"Infinity 45deg 250m\"\n    min-field-of-view=\"15deg\"\n    max-field-of-view=\"75deg\"\n    camera-orbit=\"0deg 45deg 120m\"\n    interaction-prompt=\"none\"\n    loading=\"lazy\"\n    reveal=\"auto\"\n    shadow-intensity=\"0.8\"\n    shadow-softness=\"0.5\"\n    environment-image=\"neutral\"\n    exposure=\"1.1\"\n    style=\"background-color: transparent;\"\n  ><\/p>\n<div slot=\"progress-bar\"><\/div>\n<p>  <\/model-viewer>\n<\/div>\n<p style=\"text-align:center;color:#8B6914;font-size:0.85rem;margin-top:0.5rem;font-family:Inter,sans-serif;\">Maquette 3D : <a href=\"https:\/\/abacabdroneservices.fr\/\" target=\"_blank\" rel=\"noopener\" style=\"color:#8B6914;text-decoration:underline;\">@AbacabDrone<\/a><\/p>\n<p class=\"model-instructions\">Cliquez et glissez pour tourner la vue. Utilisez la molette pour zoomer. Sur mob\u00eele : pincez pour zoomer, glissez pour tourner.<\/p>\n<h3 class=\"wp-block-heading\">Un manoir de 1560 au c\u0153ur du Vexin<\/h3>\n<p>Le Ch\u00e2teau d&rsquo;Hazeville est un manoir construit en 1560, remanie au XIXe si\u00e8cle par Pierre Fontaine, architecte attitr\u00e9 de Napoleon Ier. Situe a 40 minutes de Paris dans le Parc naturel du Vexin fran\u00e7ais, il accueille mariages (160 invites), s\u00e9minaires (45 couchages), tournages et h\u00e9bergements de charme.<\/p>\n<p>74 avis Google (4,8\/5) et 31 avis Mariages.net (5\/5). Wedding Awards 2024 et 2025.<\/p>\n<style id=\"wpforms-css-vars-1226\">\n\t\t\t\t#wpforms-1226 {\n\t\t\t\t--wpforms-container-padding: 0px;\n--wpforms-container-border-width: 1px;\n--wpforms-container-border-radius: 3px;\n--wpforms-background-color: rgba(0, 0, 0, 0);\n--wpforms-field-size-input-height: 43px;\n--wpforms-field-size-input-spacing: 15px;\n--wpforms-field-size-font-size: 16px;\n--wpforms-field-size-line-height: 19px;\n--wpforms-field-size-padding-h: 14px;\n--wpforms-field-size-checkbox-size: 16px;\n--wpforms-field-size-sublabel-spacing: 5px;\n--wpforms-field-size-icon-size: 1;\n--wpforms-label-size-font-size: 16px;\n--wpforms-label-size-line-height: 19px;\n--wpforms-label-size-sublabel-font-size: 14px;\n--wpforms-label-size-sublabel-line-height: 17px;\n--wpforms-button-size-font-size: 17px;\n--wpforms-button-size-height: 41px;\n--wpforms-button-size-padding-h: 15px;\n--wpforms-button-size-margin-top: 10px;\n--wpforms-container-shadow-size-box-shadow: none;\n\t\t\t}\n\t\t\t<\/style>\n<div class=\"wpforms-container wpforms-container-full wpforms-render-modern\" id=\"wpforms-1226\">\n<form id=\"wpforms-form-1226\" class=\"wpforms-validate wpforms-form wpforms-ajax-form\" data-formid=\"1226\" method=\"post\" enctype=\"multipart\/form-data\" action=\"\/wp-json\/wp\/v2\/pages?per_page=100&#038;page=1&#038;status=publish%2Cdraft%2Cprivate\" data-token=\"3cd27fb4b0b8566d489a158b5ff89476\" data-token-time=\"1776666457\"><noscript class=\"wpforms-error-noscript\">Please enable JavaScript in your browser to complete this form.<\/noscript><\/p>\n<div id=\"wpforms-error-noscript\" style=\"display: none;\">Please enable JavaScript in your browser to complete this form.<\/div>\n<div class=\"wpforms-field-container\">\n<div id=\"wpforms-1226-field_4-container\"\n\t\t\tclass=\"wpforms-field wpforms-field-text\"\n\t\t\tdata-field-type=\"text\"\n\t\t\tdata-field-id=\"4\"\n\t\t\t><br \/>\n\t\t\t<label class=\"wpforms-field-label\" for=\"wpforms-1226-field_4\" >Comment Name or<\/label><br \/>\n\t\t\t<input type=\"text\" id=\"wpforms-1226-field_4\" class=\"wpforms-field-medium\" name=\"wpforms[fields][4]\" >\n\t\t<\/div>\n<div id=\"wpforms-1226-field_1-container\" class=\"wpforms-field wpforms-field-name\" data-field-id=\"1\">\n<fieldset>\n<legend class=\"wpforms-field-label\">Name <span class=\"wpforms-required-label\" aria-hidden=\"true\">*<\/span><\/legend>\n<div class=\"wpforms-field-row wpforms-field-medium\">\n<div class=\"wpforms-field-row-block wpforms-first wpforms-one-half\"><input type=\"text\" id=\"wpforms-1226-field_1\" class=\"wpforms-field-name-first wpforms-field-required\" name=\"wpforms[fields][1][first]\" aria-errormessage=\"wpforms-1226-field_1-error\" required><label for=\"wpforms-1226-field_1\" class=\"wpforms-field-sublabel after\">First<\/label><\/div>\n<div class=\"wpforms-field-row-block wpforms-one-half\"><input type=\"text\" id=\"wpforms-1226-field_1-last\" class=\"wpforms-field-name-last wpforms-field-required\" name=\"wpforms[fields][1][last]\" aria-errormessage=\"wpforms-1226-field_1-last-error\" required><label for=\"wpforms-1226-field_1-last\" class=\"wpforms-field-sublabel after\">Last<\/label><\/div>\n<\/div>\n<\/fieldset>\n<\/div>\n<div id=\"wpforms-1226-field_2-container\" class=\"wpforms-field wpforms-field-email\" data-field-id=\"2\"><label class=\"wpforms-field-label\" for=\"wpforms-1226-field_2\">Email <span class=\"wpforms-required-label\" aria-hidden=\"true\">*<\/span><\/label><input type=\"email\" id=\"wpforms-1226-field_2\" class=\"wpforms-field-medium wpforms-field-required\" name=\"wpforms[fields][2]\" spellcheck=\"false\" aria-errormessage=\"wpforms-1226-field_2-error\" required><\/div>\n<div id=\"wpforms-1226-field_3-container\" class=\"wpforms-field wpforms-field-textarea\" data-field-id=\"3\"><label class=\"wpforms-field-label\" for=\"wpforms-1226-field_3\">Comment or Message<\/label><textarea id=\"wpforms-1226-field_3\" class=\"wpforms-field-medium\" name=\"wpforms[fields][3]\" aria-errormessage=\"wpforms-1226-field_3-error\" ><\/textarea><\/div>\n<p><script>\n\t\t\t\t( function() {\n\t\t\t\t\tconst style = document.createElement( 'style' );\n\t\t\t\t\tstyle.appendChild( document.createTextNode( '#wpforms-1226-field_4-container { position: absolute !important; overflow: hidden !important; display: inline !important; height: 1px !important; width: 1px !important; z-index: -1000 !important; padding: 0 !important; } #wpforms-1226-field_4-container input { visibility: hidden; } #wpforms-conversational-form-page #wpforms-1226-field_4-container label { counter-increment: none; }' ) );\n\t\t\t\t\tdocument.head.appendChild( style );\n\t\t\t\t\tdocument.currentScript?.remove();\n\t\t\t\t} )();\n\t\t\t<\/script><\/div>\n<p><!-- .wpforms-field-container --><\/p>\n<div class=\"wpforms-submit-container\" ><input type=\"hidden\" name=\"wpforms[id]\" value=\"1226\">\t\t\t<input\n\t\t\t\ttype=\"hidden\"\n\t\t\t\tname=\"wpforms[nonce]\"\n\t\t\t\tvalue=\"4bf94f30fd\"\n\t\t\t\/><br \/>\n\t\t\t<input type=\"hidden\" name=\"page_title\" value=\"\"><input type=\"hidden\" name=\"page_url\" value=\"https:\/\/www.hazeville.fr\/wp-json\/wp\/v2\/pages?per_page=100&#038;page=1&#038;status=publish,draft,private\"><input type=\"hidden\" name=\"url_referer\" value=\"\"><button type=\"submit\" name=\"wpforms[submit]\" id=\"wpforms-submit-1226\" class=\"wpforms-submit\" data-alt-text=\"Sending...\" data-submit-text=\"Submit\" aria-live=\"assertive\" value=\"wpforms-submit\">Submit<\/button><img decoding=\"async\" data-src=\"https:\/\/www.hazeville.fr\/wp-content\/plugins\/wpforms-lite\/assets\/images\/submit-spin.svg\" class=\"wpforms-submit-spinner lazyload\" style=\"--smush-placeholder-width: 26px; --smush-placeholder-aspect-ratio: 26\/26;display: none;\" width=\"26\" height=\"26\" alt=\"Loading\" src=\"data:image\/svg+xml;base64,PHN2ZyB3aWR0aD0iMSIgaGVpZ2h0PSIxIiB4bWxucz0iaHR0cDovL3d3dy53My5vcmcvMjAwMC9zdmciPjwvc3ZnPg==\"><\/div>\n<\/form>\n<\/div>\n<p>  <!-- .wpforms-container --><\/p>\n","protected":false},"excerpt":{"rendered":"<p>Nous contacter sur WhatsApp Demander un devis Le Ch\u00e2teau d&rsquo;Hazeville en 3D Explorez notre manoir de 1560 sous tous les angles. Zoomez, tournez, d\u00e9couvrez chaque d\u00e9tail de ce lieu d&rsquo;exception nich\u00e9 au c\u0153ur du Vexin fran\u00e7ais. Maquette 3D : @AbacabDrone Cliquez et glissez pour tourner la vue. Utilisez la molette pour zoomer. Sur mob\u00eele : [&hellip;]<\/p>\n","protected":false},"author":2,"featured_media":0,"parent":0,"menu_order":0,"comment_status":"closed","ping_status":"closed","template":"","meta":{"_et_pb_use_builder":"","_et_pb_old_content":"","_et_gb_content_width":"","footnotes":""},"class_list":["post-3942","page","type-page","status-publish","hentry"],"_links":{"self":[{"href":"https:\/\/www.hazeville.fr\/en\/wp-json\/wp\/v2\/pages\/3942","targetHints":{"allow":["GET"]}}],"collection":[{"href":"https:\/\/www.hazeville.fr\/en\/wp-json\/wp\/v2\/pages"}],"about":[{"href":"https:\/\/www.hazeville.fr\/en\/wp-json\/wp\/v2\/types\/page"}],"author":[{"embeddable":true,"href":"https:\/\/www.hazeville.fr\/en\/wp-json\/wp\/v2\/users\/2"}],"replies":[{"embeddable":true,"href":"https:\/\/www.hazeville.fr\/en\/wp-json\/wp\/v2\/comments?post=3942"}],"version-history":[{"count":79,"href":"https:\/\/www.hazeville.fr\/en\/wp-json\/wp\/v2\/pages\/3942\/revisions"}],"predecessor-version":[{"id":13601,"href":"https:\/\/www.hazeville.fr\/en\/wp-json\/wp\/v2\/pages\/3942\/revisions\/13601"}],"wp:attachment":[{"href":"https:\/\/www.hazeville.fr\/en\/wp-json\/wp\/v2\/media?parent=3942"}],"curies":[{"name":"wp","href":"https:\/\/api.w.org\/{rel}","templated":true}]}}