{"id":3986,"date":"2026-04-13T14:39:51","date_gmt":"2026-04-13T14:39:51","guid":{"rendered":"https:\/\/www.hazeville.fr\/tournage-film-chateau\/"},"modified":"2026-04-20T19:02:56","modified_gmt":"2026-04-20T19:02:56","slug":"tournage-film-chateau","status":"publish","type":"page","link":"https:\/\/www.hazeville.fr\/en\/tournage-film-chateau\/","title":{"rendered":"Tournage et Film au Chateau d Hazeville"},"content":{"rendered":"<p><a class=\"hz-wa-btn\" href=\"https:\/\/wa.me\/33614197930?text=%2AChateau%20d%27Hazeville%2A%0A%0ABonjour%20%21%20Je%20suis%20interesse%28e%29%20par%20vos%20prestations.%0A%0ANom%20Prenom%20%3A%20%0ANombre%20d%27invites%20%3A%20%0AMois%20ou%20date%20visee%20%3A%20%0AAnnee%20du%20mariage%20%3A%20%0A%0APouvez-vous%20m%27envoyer%20la%20brochure%20et%20me%20rappeler%20pour%20un%20pre-devis%20%3F%0AMerci%20%21\" target=\"_blank\" rel=\"noopener\" aria-label=\"Contact via WhatsApp\"><br \/>\n<span class=\"hz-wa-tooltip\">Contact us on WhatsApp<\/span><br \/>\n<svg viewbox=\"0 0 24 24\" xmlns=\"http:\/\/www.w3.org\/2000\/svg\"><path d=\"M17.472 14.382c-.297-.149-1.758-.867-2.03-.967-.273-.099-.471-.148-.67.15-.197.297-.767.966-.94 1.164-.173.199-.347.223-.644.075-.297-.15-1.255-.463-2.39-1.475-.883-.788-1.48-1.761-1.653-2.059-.173-.297-.018-.458.13-.606.134-.133.298-.347.446-.52.149-.174.198-.298.298-.497.099-.198.05-.371-.025-.52-.075-.149-.669-1.612-.916-2.207-.242-.579-.487-.5-.669-.51-.173-.008-.371-.01-.57-.01-.198 0-.52.074-.792.372-.272.297-1.04 1.016-1.04 2.479 0 1.462 1.065 2.875 1.213 3.074.149.198 2.096 3.2 5.077 4.487.709.306 1.262.489 1.694.625.712.227 1.36.195 1.871.118.571-.085 1.758-.719 2.006-1.413.248-.694.248-1.289.173-1.413-.074-.124-.272-.198-.57-.347m-5.421 7.403h-.004a9.87 9.87 0 01-5.031-1.378l-.361-.214-3.741.982.998-3.648-.235-.374a9.86 9.86 0 01-1.51-5.26c.001-5.45 4.436-9.884 9.888-9.884 2.64 0 5.122 1.03 6.988 2.898a9.825 9.825 0 012.893 6.994c-.003 5.45-4.437 9.884-9.885 9.884m8.413-18.297A11.815 11.815 0 0012.05 0C5.495 0 .16 5.335.157 11.892c0 2.096.547 4.142 1.588 5.945L.057 24l6.305-1.654a11.882 11.882 0 005.683 1.448h.005c6.554 0 11.89-5.335 11.893-11.893a11.821 11.821 0 00-3.48-8.413Z\"\/><\/svg><br \/>\n<\/a><\/p>\n<p><a class=\"hz-cta-fab\" href=\"\/contact\/\" aria-label=\"Request a quote\"><br \/>\n<svg viewbox=\"0 0 24 24\"><path d=\"M20 4H4c-1.1 0-1.99.9-1.99 2L2 18c0 1.1.9 2 2 2h16c1.1 0 2-.9 2-2V6c0-1.1-.9-2-2-2zm0 4l-8 5-8-5V6l8 5 8-5v2z\"\/><\/svg><br \/>\n<span>Request a quote<\/span><br \/>\n<\/a><\/p>\n<p><script>\n(function(){\n  \/\/ Force-swap the logo <img> src attribute too (some themes cache it)\n  var swap = function(){\n    document.querySelectorAll(\"#logo, .logo_container img, #main-header img.logo\").forEach(function(img){\n      if (img.tagName === \"IMG\") {\n        img.src = \"https:\/\/www.hazeville.fr\/wp-content\/uploads\/2026\/04\/logo-hazeville-noir-transparent.png\";\n        img.style.background = \"transparent\";\n      }\n    });\n  };\n  if (document.readyState === \"loading\") document.addEventListener(\"DOMContentLoaded\", swap);\n  else swap();\n  setTimeout(swap, 500);\n  setTimeout(swap, 2000);\n})();\n<\/script><\/p>\n<h1 class=\"wp-block-heading\">Tournage et Film au Ch\u00e2teau d Hazeville<\/h1>\n<p><strong>A moins de 50 km de Paris<\/strong>, le Ch\u00e2teau d Hazeville est un lieu de tournage d exception. Manoir de 1560, remanie au XIXe si\u00e8cle par l architecte Pierre Fontaine, il offre des d\u00e9cors authentiques pour le cin\u00e9ma, la television, la publicite et la photographie.<\/p>\n<h2 class=\"wp-block-heading\">Pourquoi tourner au Ch\u00e2teau d Hazeville ?<\/h2>\n<p>40 minutes de Paris via l A15. Parking 200 places avec acc\u00e8s camions techniques. 6 000 m2 de parc, cour carree, salons historiques, terrasses, piscine. Contrats disponibles en fran\u00e7ais et en anglais. H\u00e9bergement sur place : 45 couchages pour les equipes en tournage long.<\/p>\n<h2 class=\"wp-block-heading\">Nos d\u00e9cors<\/h2>\n<p>Salons XVIIIe avec boiseries et cheminee monumentale. Cour carree paves anciens. Escalier en pierre. Facade classique avec colonnade. Parc arbore avec allee de marronniers. Piscine turquoise sur terrasse en travertin. Illuminations architecturales.<\/p>\n<h2 class=\"wp-block-heading\">Ils ont tourne chez nous<\/h2>\n<p>D\u00e9couvrez nos references et les retours de nos clients :<\/p>\n<ul class=\"wp-block-list\">\n<li><a href=\"\/location-tournage-chateau-ile-de-france\/\">Location tournage ch\u00e2teau \u00cele-de-France<\/a><\/li>\n<li><a href=\"\/tournage-serie-tv-film-chateau-paris\/\">Tournage serie TV et film pr\u00e8s de Paris<\/a><\/li>\n<li><a href=\"\/shooting-photo-chateau-ile-de-france\/\">Shooting photo chateau<\/a><\/li>\n<li><a href=\"\/decors-film-historique-chateau\/\">Decors film historique<\/a><\/li>\n<li><a href=\"\/location-tournage-publicite-chateau\/\">Tournage publicite<\/a><\/li>\n<li><a href=\"\/location-chateau-mode-shooting-luxe\/\">Shooting mode et luxe<\/a><\/li>\n<li><a href=\"\/tournage-documentaire-chateau-ile-de-france\/\">Tournage documentaire<\/a><\/li>\n<li><a href=\"\/location-chateau-video-institutionnelle\/\">Video institutionnelle<\/a><\/li>\n<li><a href=\"\/location-tournage-clip-video-chateau\/\">Clip video<\/a><\/li>\n<li><a href=\"\/filming-location-chateau-paris\/\">Filming location near Paris (EN)<\/a><\/li>\n<\/ul>\n<h2 class=\"wp-block-heading\">Planifiez votre reperage<\/h2>\n<p>Le reperage est gratuit et sans engagement. Nous vous accueillons du lundi au samedi sur rendez-vous.<\/p>\n<p><script src=\"https:\/\/form.weddingplan.fr\/fr\/form\/js\" data-form=\"5YEs4edy8FTB071kVNuOIXgvx\"><\/script><\/p>\n<h2 class=\"wp-block-heading\">Scannez pour nous contacter<\/h2>\n<figure class=\"wp-block-image aligncenter size-medium\"><img decoding=\"async\" width=\"500\" height=\"500\" data-src=\"https:\/\/www.hazeville.fr\/wp-content\/uploads\/2026\/04\/qr-code-tournage.png\" alt=\"QR Code contact tournage Ch\u00e2teau Hazeville\" class=\"wp-image-3987 lazyload\" style=\"--smush-placeholder-width: 500px; --smush-placeholder-aspect-ratio: 500\/500;max-width:200px;\" data-srcset=\"https:\/\/www.hazeville.fr\/wp-content\/uploads\/2026\/04\/qr-code-tournage.png 500w, https:\/\/www.hazeville.fr\/wp-content\/uploads\/2026\/04\/qr-code-tournage-480x480.png 480w\" data-sizes=\"(min-width: 0px) and (max-width: 480px) 480px, (min-width: 481px) 500px, 100vw\" src=\"data:image\/svg+xml;base64,PHN2ZyB3aWR0aD0iMSIgaGVpZ2h0PSIxIiB4bWxucz0iaHR0cDovL3d3dy53My5vcmcvMjAwMC9zdmciPjwvc3ZnPg==\" srcset=\"https:\/\/www.hazeville.fr\/wp-content\/uploads\/2026\/04\/qr-code-tournage.png 500w, https:\/\/www.hazeville.fr\/wp-content\/uploads\/2026\/04\/qr-code-tournage-480x480.png 480w\" sizes=\"(min-width: 0px) and (max-width: 480px) 480px, (min-width: 481px) 500px, 100vw\" \/><\/figure>\n<p style=\"text-align:center;\"><a href=\"https:\/\/calendly.com\/thibault-hazeville\" target=\"_blank\" rel=\"noopener\">Planifier un reperage en ligne<\/a> | <a href=\"https:\/\/wa.me\/33614197930\" target=\"_blank\" rel=\"noopener\">WhatsApp : 06 14 19 79 30<\/a><\/p>","protected":false},"excerpt":{"rendered":"<p>Nous contacter sur WhatsApp Demander un devis Tournage et Film au Ch\u00e2teau d Hazeville A moins de 50 km de Paris, le Ch\u00e2teau d Hazeville est un lieu de tournage d exception. Manoir de 1560, remanie au XIXe si\u00e8cle par l architecte Pierre Fontaine, il offre des d\u00e9cors authentiques pour le cin\u00e9ma, la television, la [&hellip;]<\/p>\n","protected":false},"author":2,"featured_media":0,"parent":0,"menu_order":0,"comment_status":"closed","ping_status":"closed","template":"","meta":{"_et_pb_use_builder":"","_et_pb_old_content":"","_et_gb_content_width":"","footnotes":""},"class_list":["post-3986","page","type-page","status-publish","hentry"],"_links":{"self":[{"href":"https:\/\/www.hazeville.fr\/en\/wp-json\/wp\/v2\/pages\/3986","targetHints":{"allow":["GET"]}}],"collection":[{"href":"https:\/\/www.hazeville.fr\/en\/wp-json\/wp\/v2\/pages"}],"about":[{"href":"https:\/\/www.hazeville.fr\/en\/wp-json\/wp\/v2\/types\/page"}],"author":[{"embeddable":true,"href":"https:\/\/www.hazeville.fr\/en\/wp-json\/wp\/v2\/users\/2"}],"replies":[{"embeddable":true,"href":"https:\/\/www.hazeville.fr\/en\/wp-json\/wp\/v2\/comments?post=3986"}],"version-history":[{"count":76,"href":"https:\/\/www.hazeville.fr\/en\/wp-json\/wp\/v2\/pages\/3986\/revisions"}],"predecessor-version":[{"id":13600,"href":"https:\/\/www.hazeville.fr\/en\/wp-json\/wp\/v2\/pages\/3986\/revisions\/13600"}],"wp:attachment":[{"href":"https:\/\/www.hazeville.fr\/en\/wp-json\/wp\/v2\/media?parent=3986"}],"curies":[{"name":"wp","href":"https:\/\/api.w.org\/{rel}","templated":true}]}}