{"id":4177,"date":"2026-04-14T11:20:02","date_gmt":"2026-04-14T11:20:02","guid":{"rendered":"https:\/\/www.hazeville.fr\/videos-drone\/"},"modified":"2026-04-20T19:02:48","modified_gmt":"2026-04-20T19:02:48","slug":"reportages-mariage","status":"publish","type":"page","link":"https:\/\/www.hazeville.fr\/en\/reportages-mariage\/","title":{"rendered":"Wedding reports"},"content":{"rendered":"<p><a class=\"hz-wa-btn\" href=\"https:\/\/wa.me\/33614197930?text=%2AChateau%20d%27Hazeville%2A%0A%0ABonjour%20%21%20Je%20suis%20interesse%28e%29%20par%20vos%20prestations.%0A%0ANom%20Prenom%20%3A%20%0ANombre%20d%27invites%20%3A%20%0AMois%20ou%20date%20visee%20%3A%20%0AAnnee%20du%20mariage%20%3A%20%0A%0APouvez-vous%20m%27envoyer%20la%20brochure%20et%20me%20rappeler%20pour%20un%20pre-devis%20%3F%0AMerci%20%21\" target=\"_blank\" rel=\"noopener\" aria-label=\"Contacter par WhatsApp\"><br \/>\n<span class=\"hz-wa-tooltip\">Nous contacter sur WhatsApp<\/span><br \/>\n<svg viewBox=\"0 0 24 24\" xmlns=\"http:\/\/www.w3.org\/2000\/svg\"><path d=\"M17.472 14.382c-.297-.149-1.758-.867-2.03-.967-.273-.099-.471-.148-.67.15-.197.297-.767.966-.94 1.164-.173.199-.347.223-.644.075-.297-.15-1.255-.463-2.39-1.475-.883-.788-1.48-1.761-1.653-2.059-.173-.297-.018-.458.13-.606.134-.133.298-.347.446-.52.149-.174.198-.298.298-.497.099-.198.05-.371-.025-.52-.075-.149-.669-1.612-.916-2.207-.242-.579-.487-.5-.669-.51-.173-.008-.371-.01-.57-.01-.198 0-.52.074-.792.372-.272.297-1.04 1.016-1.04 2.479 0 1.462 1.065 2.875 1.213 3.074.149.198 2.096 3.2 5.077 4.487.709.306 1.262.489 1.694.625.712.227 1.36.195 1.871.118.571-.085 1.758-.719 2.006-1.413.248-.694.248-1.289.173-1.413-.074-.124-.272-.198-.57-.347m-5.421 7.403h-.004a9.87 9.87 0 01-5.031-1.378l-.361-.214-3.741.982.998-3.648-.235-.374a9.86 9.86 0 01-1.51-5.26c.001-5.45 4.436-9.884 9.888-9.884 2.64 0 5.122 1.03 6.988 2.898a9.825 9.825 0 012.893 6.994c-.003 5.45-4.437 9.884-9.885 9.884m8.413-18.297A11.815 11.815 0 0012.05 0C5.495 0 .16 5.335.157 11.892c0 2.096.547 4.142 1.588 5.945L.057 24l6.305-1.654a11.882 11.882 0 005.683 1.448h.005c6.554 0 11.89-5.335 11.893-11.893a11.821 11.821 0 00-3.48-8.413Z\"\/><\/svg><br \/>\n<\/a><\/p>\n<p><a class=\"hz-cta-fab\" href=\"\/contact\/\" aria-label=\"Demander un devis\"><br \/>\n<svg viewBox=\"0 0 24 24\"><path d=\"M20 4H4c-1.1 0-1.99.9-1.99 2L2 18c0 1.1.9 2 2 2h16c1.1 0 2-.9 2-2V6c0-1.1-.9-2-2-2zm0 4l-8 5-8-5V6l8 5 8-5v2z\"\/><\/svg><br \/>\n<span>Demander un devis<\/span><br \/>\n<\/a><\/p>\n<p>[et_pb_code admin_label=\u00a0\u00bbhz-global-design\u00a0\u00bb _builder_version=\u00a0\u00bb4.27.4&Prime; global_colors_info=\u00a0\u00bb{}\u00a0\u00bb][\/et_pb_code][et_pb_code admin_label=\u00a0\u00bbhz-sidebar-fix\u00a0\u00bb _builder_version=\u00a0\u00bb4.27.4&Prime; global_colors_info=\u00a0\u00bb{}\u00a0\u00bb][\/et_pb_code][et_pb_code admin_label=\u00a0\u00bbhz-hero-fullwidth\u00a0\u00bb _builder_version=\u00a0\u00bb4.27.4&Prime; global_colors_info=\u00a0\u00bb{}\u00a0\u00bb][\/et_pb_code]<br \/>\n<script>(function(){var swap=function(){document.querySelectorAll(\"#logo, .logo_container img, #main-header img.logo\").forEach(function(img){if(img.tagName===\"IMG\"){img.src=\"https:\/\/www.hazeville.fr\/wp-content\/uploads\/2026\/04\/logo-hazeville-noir-transparent.png\";img.style.background=\"transparent\";}});};if(document.readyState===\"loading\")document.addEventListener(\"DOMContentLoaded\",swap);else swap();setTimeout(swap,500);setTimeout(swap,2000);})();<\/script><\/p>\n<h1 class=\"has-text-align-center wp-block-heading\">Reportages Mariage<\/h1>\n<p class=\"has-text-align-center\" style=\"font-size:18px\">D\u00e9couvrez les mariages c\u00e9l\u00e8bres au Ch\u00e2teau d\u2019Hazeville a travers les yeux de nos photographes et videastes.<\/p>\n<h2 class=\"has-text-align-center wp-block-heading\">Nos reportages video<\/h2>\n<figure class=\"wp-block-embed is-type-video is-provider-youtube wp-block-embed-youtube wp-embed-aspect-16-9 wp-has-aspect-ratio\">\n<div class=\"wp-block-embed__wrapper\">\n<iframe title=\"Le Ch\u00e2teau d\u2019Hazeville comme vous ne l\u2019avez jamais vu\" width=\"1080\" height=\"608\" data-src=\"https:\/\/www.youtube.com\/embed\/pUbzzI5VItY?feature=oembed\"  allow=\"accelerometer; autoplay; clipboard-write; encrypted-media; gyroscope; picture-in-picture; web-share\" referrerpolicy=\"strict-origin-when-cross-origin\" allowfullscreen src=\"data:image\/svg+xml;base64,PHN2ZyB3aWR0aD0iMSIgaGVpZ2h0PSIxIiB4bWxucz0iaHR0cDovL3d3dy53My5vcmcvMjAwMC9zdmciPjwvc3ZnPg==\" class=\"lazyload\" data-load-mode=\"1\"><\/iframe>\n<\/div><figcaption class=\"wp-element-caption\">Survol du Ch\u00e2teau en drone<\/figcaption><\/figure>\n<figure class=\"wp-block-embed is-type-video is-provider-youtube wp-block-embed-youtube wp-embed-aspect-16-9 wp-has-aspect-ratio\">\n<div class=\"wp-block-embed__wrapper\">\n<iframe title=\"Mariage Ch\u00e2teau d&#039;Hazeville | The wedding Teaser Film\" width=\"1080\" height=\"608\" data-src=\"https:\/\/www.youtube.com\/embed\/AjI42YofpGA?feature=oembed\"  allow=\"accelerometer; autoplay; clipboard-write; encrypted-media; gyroscope; picture-in-picture; web-share\" referrerpolicy=\"strict-origin-when-cross-origin\" allowfullscreen src=\"data:image\/svg+xml;base64,PHN2ZyB3aWR0aD0iMSIgaGVpZ2h0PSIxIiB4bWxucz0iaHR0cDovL3d3dy53My5vcmcvMjAwMC9zdmciPjwvc3ZnPg==\" class=\"lazyload\" data-load-mode=\"1\"><\/iframe>\n<\/div><figcaption class=\"wp-element-caption\">The Wedding Teaser Film \u2014 Mariage au Ch\u00e2teau d&rsquo;Hazeville<\/figcaption><\/figure>\n<figure class=\"wp-block-video\" style=\"margin:0 auto 2rem;\">\n<video controls preload=\"metadata\" playsinline style=\"width:100%;height:auto;display:block;border-radius:0\" src=\"https:\/\/cdn1.mariages.net\/emp\/videos\/8\/0\/4\/352627_trim-2ffa2202-a06d-45c3-8593-ac22d6754735-172303079652316.mp4\"><\/video><figcaption class=\"wp-element-caption\">Teaser mariage au Ch\u00e2teau d\u2019Hazeville<\/figcaption><\/figure>\n<figure class=\"wp-block-embed is-type-video is-provider-youtube wp-block-embed-youtube wp-embed-aspect-16-9 wp-has-aspect-ratio\">\n<div class=\"wp-block-embed__wrapper\">\n<iframe title=\"Un Mariage de R\u00eave au Ch\u00e2teau d\u2019Hazeville\" width=\"1080\" height=\"608\" data-src=\"https:\/\/www.youtube.com\/embed\/FcOfoFyWJ8E?feature=oembed\"  allow=\"accelerometer; autoplay; clipboard-write; encrypted-media; gyroscope; picture-in-picture; web-share\" referrerpolicy=\"strict-origin-when-cross-origin\" allowfullscreen src=\"data:image\/svg+xml;base64,PHN2ZyB3aWR0aD0iMSIgaGVpZ2h0PSIxIiB4bWxucz0iaHR0cDovL3d3dy53My5vcmcvMjAwMC9zdmciPjwvc3ZnPg==\" class=\"lazyload\" data-load-mode=\"1\"><\/iframe>\n<\/div><figcaption class=\"wp-element-caption\">Un mariage de r\u00eave au Ch\u00e2teau<\/figcaption><\/figure>\n<figure class=\"wp-block-embed is-type-video is-provider-youtube wp-block-embed-youtube wp-embed-aspect-16-9 wp-has-aspect-ratio\">\n<div class=\"wp-block-embed__wrapper\">\n<iframe title=\"Le Ch\u00e2teau d\u2019Hazeville vu du ciel \u2013 Un Lieu de Mariage \u00c9poustouflant\" width=\"1080\" height=\"608\" data-src=\"https:\/\/www.youtube.com\/embed\/zqlACcS2fjE?feature=oembed\"  allow=\"accelerometer; autoplay; clipboard-write; encrypted-media; gyroscope; picture-in-picture; web-share\" referrerpolicy=\"strict-origin-when-cross-origin\" allowfullscreen src=\"data:image\/svg+xml;base64,PHN2ZyB3aWR0aD0iMSIgaGVpZ2h0PSIxIiB4bWxucz0iaHR0cDovL3d3dy53My5vcmcvMjAwMC9zdmciPjwvc3ZnPg==\" class=\"lazyload\" data-load-mode=\"1\"><\/iframe>\n<\/div><figcaption class=\"wp-element-caption\">Cocktail en terrasse vue du ciel<\/figcaption><\/figure>\n<figure class=\"wp-block-embed is-type-video is-provider-youtube wp-block-embed-youtube wp-embed-aspect-16-9 wp-has-aspect-ratio\">\n<div class=\"wp-block-embed__wrapper\">\n<iframe title=\"D\u00e9coration de Table de Mariage au Ch\u00e2teau d\u2019Hazeville \u2013 \u00c9l\u00e9gance et Personnalisation\" width=\"1080\" height=\"608\" data-src=\"https:\/\/www.youtube.com\/embed\/y7FqTpB-8Fs?feature=oembed\"  allow=\"accelerometer; autoplay; clipboard-write; encrypted-media; gyroscope; picture-in-picture; web-share\" referrerpolicy=\"strict-origin-when-cross-origin\" allowfullscreen src=\"data:image\/svg+xml;base64,PHN2ZyB3aWR0aD0iMSIgaGVpZ2h0PSIxIiB4bWxucz0iaHR0cDovL3d3dy53My5vcmcvMjAwMC9zdmciPjwvc3ZnPg==\" class=\"lazyload\" data-load-mode=\"1\"><\/iframe>\n<\/div><figcaption class=\"wp-element-caption\">D\u00e9coration de table de mariage<\/figcaption><\/figure>\n<figure class=\"wp-block-embed is-type-video is-provider-youtube wp-block-embed-youtube wp-embed-aspect-16-9 wp-has-aspect-ratio\">\n<div class=\"wp-block-embed__wrapper\">\n<iframe title=\"Moments de Complicit\u00e9 et de Joie \u2013 Mariage au Ch\u00e2teau d\u2019Hazeville\" width=\"1080\" height=\"608\" data-src=\"https:\/\/www.youtube.com\/embed\/OknAN-vvJSA?feature=oembed\"  allow=\"accelerometer; autoplay; clipboard-write; encrypted-media; gyroscope; picture-in-picture; web-share\" referrerpolicy=\"strict-origin-when-cross-origin\" allowfullscreen src=\"data:image\/svg+xml;base64,PHN2ZyB3aWR0aD0iMSIgaGVpZ2h0PSIxIiB4bWxucz0iaHR0cDovL3d3dy53My5vcmcvMjAwMC9zdmciPjwvc3ZnPg==\" class=\"lazyload\" data-load-mode=\"1\"><\/iframe>\n<\/div><figcaption class=\"wp-element-caption\">Moments de complicit\u00e9 et de joie<\/figcaption><\/figure>\n<figure class=\"wp-block-embed is-type-video is-provider-youtube wp-block-embed-youtube wp-embed-aspect-16-9 wp-has-aspect-ratio\">\n<div class=\"wp-block-embed__wrapper\">\n<iframe title=\"L\u2019Arriv\u00e9e des Mari\u00e9s \u2013 Un R\u00eave Romantique au Ch\u00e2teau d\u2019Hazeville\" width=\"1080\" height=\"608\" data-src=\"https:\/\/www.youtube.com\/embed\/Cjn3HMAnjws?feature=oembed\"  allow=\"accelerometer; autoplay; clipboard-write; encrypted-media; gyroscope; picture-in-picture; web-share\" referrerpolicy=\"strict-origin-when-cross-origin\" allowfullscreen src=\"data:image\/svg+xml;base64,PHN2ZyB3aWR0aD0iMSIgaGVpZ2h0PSIxIiB4bWxucz0iaHR0cDovL3d3dy53My5vcmcvMjAwMC9zdmciPjwvc3ZnPg==\" class=\"lazyload\" data-load-mode=\"1\"><\/iframe>\n<\/div><figcaption class=\"wp-element-caption\">L\u2019arriv\u00e9e des mari\u00e9s<\/figcaption><\/figure>\n<figure class=\"wp-block-embed is-type-video is-provider-youtube wp-block-embed-youtube wp-embed-aspect-16-9 wp-has-aspect-ratio\">\n<div class=\"wp-block-embed__wrapper\">\n<iframe title=\"Chor\u00e9graphie Surprise &amp; D\u00e9but de Cocktail au Ch\u00e2teau d\u2019Hazeville\" width=\"1080\" height=\"608\" data-src=\"https:\/\/www.youtube.com\/embed\/UzvPZKYSb34?feature=oembed\"  allow=\"accelerometer; autoplay; clipboard-write; encrypted-media; gyroscope; picture-in-picture; web-share\" referrerpolicy=\"strict-origin-when-cross-origin\" allowfullscreen src=\"data:image\/svg+xml;base64,PHN2ZyB3aWR0aD0iMSIgaGVpZ2h0PSIxIiB4bWxucz0iaHR0cDovL3d3dy53My5vcmcvMjAwMC9zdmciPjwvc3ZnPg==\" class=\"lazyload\" data-load-mode=\"1\"><\/iframe>\n<\/div><figcaption class=\"wp-element-caption\">Chor\u00e9graphie surprise &#038; cocktail<\/figcaption><\/figure>\n<h2 class=\"has-text-align-center wp-block-heading\">Vues aeriennes<\/h2>\n<figure class=\"wp-block-gallery has-nested-images columns-3 is-cropped wp-block-gallery-6 is-layout-flex wp-block-gallery-is-layout-flex\">\n<figure class=\"wp-block-image size-large\"><a href=\"https:\/\/www.hazeville.fr\/wp-content\/uploads\/2026\/04\/DJI_20251002162841_0121_D.jpg\"><img data-src=\"https:\/\/www.hazeville.fr\/wp-content\/uploads\/2026\/04\/DJI_20251002162841_0121_D.jpg\" alt=\"Vue drone facade Ch\u00e2teau Hazeville\" decoding=\"async\" width=\"1600\" height=\"1200\" src=\"data:image\/svg+xml;base64,PHN2ZyB3aWR0aD0iMSIgaGVpZ2h0PSIxIiB4bWxucz0iaHR0cDovL3d3dy53My5vcmcvMjAwMC9zdmciPjwvc3ZnPg==\" class=\"lazyload\" style=\"--smush-placeholder-width: 1600px; --smush-placeholder-aspect-ratio: 1600\/1200;\" \/><\/a><\/figure>\n<figure class=\"wp-block-image size-large\"><a href=\"https:\/\/www.hazeville.fr\/wp-content\/uploads\/2026\/04\/DJI_20251002174844_0129_D.jpg\"><img data-src=\"https:\/\/www.hazeville.fr\/wp-content\/uploads\/2026\/04\/DJI_20251002174844_0129_D.jpg\" alt=\"Vue drone parc Ch\u00e2teau Hazeville\" decoding=\"async\" width=\"1600\" height=\"1200\" src=\"data:image\/svg+xml;base64,PHN2ZyB3aWR0aD0iMSIgaGVpZ2h0PSIxIiB4bWxucz0iaHR0cDovL3d3dy53My5vcmcvMjAwMC9zdmciPjwvc3ZnPg==\" class=\"lazyload\" style=\"--smush-placeholder-width: 1600px; --smush-placeholder-aspect-ratio: 1600\/1200;\" \/><\/a><\/figure>\n<figure class=\"wp-block-image size-large\"><a href=\"https:\/\/www.hazeville.fr\/wp-content\/uploads\/2026\/04\/DJI_20251002180323_0144_D.jpg\"><img data-src=\"https:\/\/www.hazeville.fr\/wp-content\/uploads\/2026\/04\/DJI_20251002180323_0144_D.jpg\" alt=\"Vue drone domaine Ch\u00e2teau Hazeville\" decoding=\"async\" width=\"1600\" height=\"1200\" src=\"data:image\/svg+xml;base64,PHN2ZyB3aWR0aD0iMSIgaGVpZ2h0PSIxIiB4bWxucz0iaHR0cDovL3d3dy53My5vcmcvMjAwMC9zdmciPjwvc3ZnPg==\" class=\"lazyload\" style=\"--smush-placeholder-width: 1600px; --smush-placeholder-aspect-ratio: 1600\/1200;\" \/><\/a><\/figure>\n<\/figure>\n<p class=\"has-text-align-center\">Images par <a href=\"https:\/\/abacabdroneservices.fr\/\" target=\"_blank\" rel=\"noopener\">AbacabDrone<\/a> et Sonia &amp; Tom Le Blanc Wedding.<\/p>\n<p class=\"has-text-align-center\"><a href=\"https:\/\/calendly.com\/thibault-hazeville\" target=\"_blank\" rel=\"noopener\">Planifiez une visite<\/a> | <a href=\"tel:+33614197930\">06 14 19 79 30<\/a><\/p>\n","protected":false},"excerpt":{"rendered":"<p>Nous contacter sur WhatsApp Demander un devis [et_pb_code admin_label=\u00a0\u00bbhz-global-design\u00a0\u00bb _builder_version=\u00a0\u00bb4.27.4&Prime; global_colors_info=\u00a0\u00bb{}\u00a0\u00bb][\/et_pb_code][et_pb_code admin_label=\u00a0\u00bbhz-sidebar-fix\u00a0\u00bb _builder_version=\u00a0\u00bb4.27.4&Prime; global_colors_info=\u00a0\u00bb{}\u00a0\u00bb][\/et_pb_code][et_pb_code admin_label=\u00a0\u00bbhz-hero-fullwidth\u00a0\u00bb _builder_version=\u00a0\u00bb4.27.4&Prime; global_colors_info=\u00a0\u00bb{}\u00a0\u00bb][\/et_pb_code] Reportages Mariage D\u00e9couvrez les mariages c\u00e9l\u00e8bres au Ch\u00e2teau d\u2019Hazeville a travers les yeux de nos photographes et videastes. Nos reportages video Survol du Ch\u00e2teau en drone The Wedding Teaser Film \u2014 Mariage au Ch\u00e2teau d&rsquo;Hazeville Teaser mariage au [&hellip;]<\/p>\n","protected":false},"author":2,"featured_media":0,"parent":0,"menu_order":0,"comment_status":"closed","ping_status":"closed","template":"","meta":{"_et_pb_use_builder":"","_et_pb_old_content":"","_et_gb_content_width":"","footnotes":""},"class_list":["post-4177","page","type-page","status-publish","hentry"],"_links":{"self":[{"href":"https:\/\/www.hazeville.fr\/en\/wp-json\/wp\/v2\/pages\/4177","targetHints":{"allow":["GET"]}}],"collection":[{"href":"https:\/\/www.hazeville.fr\/en\/wp-json\/wp\/v2\/pages"}],"about":[{"href":"https:\/\/www.hazeville.fr\/en\/wp-json\/wp\/v2\/types\/page"}],"author":[{"embeddable":true,"href":"https:\/\/www.hazeville.fr\/en\/wp-json\/wp\/v2\/users\/2"}],"replies":[{"embeddable":true,"href":"https:\/\/www.hazeville.fr\/en\/wp-json\/wp\/v2\/comments?post=4177"}],"version-history":[{"count":107,"href":"https:\/\/www.hazeville.fr\/en\/wp-json\/wp\/v2\/pages\/4177\/revisions"}],"predecessor-version":[{"id":13597,"href":"https:\/\/www.hazeville.fr\/en\/wp-json\/wp\/v2\/pages\/4177\/revisions\/13597"}],"wp:attachment":[{"href":"https:\/\/www.hazeville.fr\/en\/wp-json\/wp\/v2\/media?parent=4177"}],"curies":[{"name":"wp","href":"https:\/\/api.w.org\/{rel}","templated":true}]}}