{"id":5161,"date":"2026-04-16T13:20:53","date_gmt":"2026-04-16T13:20:53","guid":{"rendered":"https:\/\/www.hazeville.fr\/chateau\/acces-chateau\/"},"modified":"2026-04-20T19:02:35","modified_gmt":"2026-04-20T19:02:35","slug":"acces-chateau","status":"publish","type":"page","link":"https:\/\/www.hazeville.fr\/en\/chateau\/acces-chateau\/","title":{"rendered":"Access to Hazeville Castle"},"content":{"rendered":"<p><a class=\"hz-wa-btn\" href=\"https:\/\/wa.me\/33614197930?text=%2AChateau%20d%27Hazeville%2A%0A%0ABonjour%20%21%20Je%20suis%20interesse%28e%29%20par%20vos%20prestations.%0A%0ANom%20Prenom%20%3A%20%0ANombre%20d%27invites%20%3A%20%0AMois%20ou%20date%20visee%20%3A%20%0AAnnee%20du%20mariage%20%3A%20%0A%0APouvez-vous%20m%27envoyer%20la%20brochure%20et%20me%20rappeler%20pour%20un%20pre-devis%20%3F%0AMerci%20%21\" target=\"_blank\" rel=\"noopener\" aria-label=\"Contacter par WhatsApp\"><br \/>\n<span class=\"hz-wa-tooltip\">Nous contacter sur WhatsApp<\/span><br \/>\n<svg viewBox=\"0 0 24 24\" xmlns=\"http:\/\/www.w3.org\/2000\/svg\"><path d=\"M17.472 14.382c-.297-.149-1.758-.867-2.03-.967-.273-.099-.471-.148-.67.15-.197.297-.767.966-.94 1.164-.173.199-.347.223-.644.075-.297-.15-1.255-.463-2.39-1.475-.883-.788-1.48-1.761-1.653-2.059-.173-.297-.018-.458.13-.606.134-.133.298-.347.446-.52.149-.174.198-.298.298-.497.099-.198.05-.371-.025-.52-.075-.149-.669-1.612-.916-2.207-.242-.579-.487-.5-.669-.51-.173-.008-.371-.01-.57-.01-.198 0-.52.074-.792.372-.272.297-1.04 1.016-1.04 2.479 0 1.462 1.065 2.875 1.213 3.074.149.198 2.096 3.2 5.077 4.487.709.306 1.262.489 1.694.625.712.227 1.36.195 1.871.118.571-.085 1.758-.719 2.006-1.413.248-.694.248-1.289.173-1.413-.074-.124-.272-.198-.57-.347m-5.421 7.403h-.004a9.87 9.87 0 01-5.031-1.378l-.361-.214-3.741.982.998-3.648-.235-.374a9.86 9.86 0 01-1.51-5.26c.001-5.45 4.436-9.884 9.888-9.884 2.64 0 5.122 1.03 6.988 2.898a9.825 9.825 0 012.893 6.994c-.003 5.45-4.437 9.884-9.885 9.884m8.413-18.297A11.815 11.815 0 0012.05 0C5.495 0 .16 5.335.157 11.892c0 2.096.547 4.142 1.588 5.945L.057 24l6.305-1.654a11.882 11.882 0 005.683 1.448h.005c6.554 0 11.89-5.335 11.893-11.893a11.821 11.821 0 00-3.48-8.413Z\"\/><\/svg><br \/>\n<\/a><\/p>\n<p><a class=\"hz-cta-fab\" href=\"\/contact\/\" aria-label=\"Demander un devis\"><br \/>\n<svg viewBox=\"0 0 24 24\"><path d=\"M20 4H4c-1.1 0-1.99.9-1.99 2L2 18c0 1.1.9 2 2 2h16c1.1 0 2-.9 2-2V6c0-1.1-.9-2-2-2zm0 4l-8 5-8-5V6l8 5 8-5v2z\"\/><\/svg><br \/>\n<span>Demander un devis<\/span><br \/>\n<\/a><\/p>\n<p>[et_pb_section fb_built=\u00a0\u00bb1&Prime; module_class=\u00a0\u00bbhz-hero\u00a0\u00bb _builder_version=\u00a0\u00bb4.21.0&Prime; _module_preset=\u00a0\u00bbdefault\u00a0\u00bb background_image=\u00a0\u00bbhttps:\/\/www.hazeville.fr\/wp-content\/uploads\/2026\/04\/chateau-hazeville-4saisons-automne.jpg\u00a0\u00bb background_enable_image=\u00a0\u00bbon\u00a0\u00bb background_position=\u00a0\u00bbtop_center\u00a0\u00bb min_height=\u00a0\u00bb50vh\u00a0\u00bb min_height_tablet=\u00a0\u00bb40vh\u00a0\u00bb min_height_phone=\u00a0\u00bb220px\u00a0\u00bb min_height_last_edited=\u00a0\u00bbon|phone\u00a0\u00bb global_colors_info=\u00a0\u00bb{}\u00a0\u00bb][\/et_pb_section]<\/p>\n<p>[et_pb_section fb_built=\u00a0\u00bb1&Prime; module_class=\u00a0\u00bbbande-pictos\u00a0\u00bb _builder_version=\u00a0\u00bb4.18.0&Prime; _module_preset=\u00a0\u00bbdefault\u00a0\u00bb background_color=\u00a0\u00bb#9A8D7A\u00a0\u00bb custom_padding=\u00a0\u00bb20px|0px|20px|0px|false|false\u00a0\u00bb global_colors_info=\u00a0\u00bb{}\u00a0\u00bb][et_pb_row column_structure=\u00a0\u00bb1_4,1_4,1_4,1_4&Prime; _builder_version=\u00a0\u00bb4.18.0&Prime; _module_preset=\u00a0\u00bbdefault\u00a0\u00bb width=\u00a0\u00bb90%\u00a0\u00bb module_alignment=\u00a0\u00bbcenter\u00a0\u00bb custom_margin=\u00a0\u00bb0px|0px|0px|0px|false|false\u00a0\u00bb custom_padding=\u00a0\u00bb16px||16px||true|false\u00a0\u00bb global_colors_info=\u00a0\u00bb{}\u00a0\u00bb][et_pb_column type=\u00a0\u00bb1_4&Prime; _builder_version=\u00a0\u00bb4.18.0&Prime;][et_pb_blurb title=\u00a0\u00bb40 min de Paris\u00a0\u00bb use_icon=\u00a0\u00bbon\u00a0\u00bb font_icon=\u00a0\u00bb&#xf017;||fa||900&Prime; icon_color=\u00a0\u00bb#FFFFFF\u00a0\u00bb icon_placement=\u00a0\u00bbleft\u00a0\u00bb image_icon_width=\u00a0\u00bb28px\u00a0\u00bb _builder_version=\u00a0\u00bb4.21.0&Prime; header_level=\u00a0\u00bbh3&Prime; header_text_align=\u00a0\u00bbleft\u00a0\u00bb header_text_color=\u00a0\u00bb#FFFFFF\u00a0\u00bb header_font_size=\u00a0\u00bb18px\u00a0\u00bb global_colors_info=\u00a0\u00bb{}\u00a0\u00bb][\/et_pb_blurb][\/et_pb_column][et_pb_column type=\u00a0\u00bb1_4&Prime; _builder_version=\u00a0\u00bb4.18.0&Prime;][et_pb_blurb title=\u00a0\u00bb3 a\u00e9roports internationaux\u00a0\u00bb use_icon=\u00a0\u00bbon\u00a0\u00bb font_icon=\u00a0\u00bb&#xf072;||fa||900&Prime; icon_color=\u00a0\u00bb#FFFFFF\u00a0\u00bb icon_placement=\u00a0\u00bbleft\u00a0\u00bb image_icon_width=\u00a0\u00bb28px\u00a0\u00bb _builder_version=\u00a0\u00bb4.21.0&Prime; header_level=\u00a0\u00bbh3&Prime; header_text_align=\u00a0\u00bbleft\u00a0\u00bb header_text_color=\u00a0\u00bb#FFFFFF\u00a0\u00bb header_font_size=\u00a0\u00bb18px\u00a0\u00bb global_colors_info=\u00a0\u00bb{}\u00a0\u00bb][\/et_pb_blurb][\/et_pb_column][et_pb_column type=\u00a0\u00bb1_4&Prime; _builder_version=\u00a0\u00bb4.18.0&Prime;][et_pb_blurb title=\u00a0\u00bbH\u00e9liport priv\u00e9 sur demande\u00a0\u00bb use_icon=\u00a0\u00bbon\u00a0\u00bb font_icon=\u00a0\u00bb&#xf135;||fa||900&Prime; icon_color=\u00a0\u00bb#FFFFFF\u00a0\u00bb icon_placement=\u00a0\u00bbleft\u00a0\u00bb image_icon_width=\u00a0\u00bb28px\u00a0\u00bb _builder_version=\u00a0\u00bb4.21.0&Prime; header_level=\u00a0\u00bbh3&Prime; header_text_align=\u00a0\u00bbleft\u00a0\u00bb header_text_color=\u00a0\u00bb#FFFFFF\u00a0\u00bb header_font_size=\u00a0\u00bb18px\u00a0\u00bb global_colors_info=\u00a0\u00bb{}\u00a0\u00bb][\/et_pb_blurb][\/et_pb_column][et_pb_column type=\u00a0\u00bb1_4&Prime; _builder_version=\u00a0\u00bb4.18.0&Prime;][et_pb_blurb title=\u00a0\u00bbParking priv\u00e9 sur place\u00a0\u00bb use_icon=\u00a0\u00bbon\u00a0\u00bb font_icon=\u00a0\u00bb&#xf1b9;||fa||900&Prime; icon_color=\u00a0\u00bb#FFFFFF\u00a0\u00bb icon_placement=\u00a0\u00bbleft\u00a0\u00bb image_icon_width=\u00a0\u00bb28px\u00a0\u00bb _builder_version=\u00a0\u00bb4.21.0&Prime; header_level=\u00a0\u00bbh3&Prime; header_text_align=\u00a0\u00bbleft\u00a0\u00bb header_text_color=\u00a0\u00bb#FFFFFF\u00a0\u00bb header_font_size=\u00a0\u00bb18px\u00a0\u00bb global_colors_info=\u00a0\u00bb{}\u00a0\u00bb][\/et_pb_blurb][\/et_pb_column][\/et_pb_row][\/et_pb_section]<\/p>\n<h1 class=\"wp-block-heading has-text-align-center hz-page-title\" style=\"font-family:'Playfair Display',Georgia,serif;font-size:48px;font-weight:400;color:#2C2C2C;margin:3rem auto 0.5rem;letter-spacing:0.02em\">Acc\u00e8s au Ch\u00e2teau d\u2019Hazeville<\/h1>\n<p class=\"has-text-align-center\" style=\"font-family:Georgia,serif;font-style:italic;color:#555;font-size:18px;max-width:800px;margin:0 auto 2rem;line-height:1.6\">Le charme d\u2019un domaine priv\u00e9 au c\u0153ur du Vexin, \u00e0 moins d\u2019une heure de Paris.<\/p>\n<hr class=\"wp-block-separator aligncenter has-text-color has-alpha-channel-opacity has-background is-style-wide\" style=\"background-color:#C9A96E;color:#C9A96E;max-width:80px;height:2px;margin:0 auto 3rem\"\/>\n<div class=\"wp-block-buttons is-content-justification-center is-layout-flex wp-container-core-buttons-is-layout-16018d1d wp-block-buttons-is-layout-flex\">\n<div class=\"wp-block-button\" style=\"font-size:14px;font-weight:600;letter-spacing:0.15em;text-transform:uppercase\"><a class=\"wp-block-button__link has-text-color has-background wp-element-button\" href=\"https:\/\/www.hazeville.fr\/wp-content\/uploads\/2025\/09\/Brochure-Chateau-dHazeville_25_26_CST.pdf\" target=\"_blank\" rel=\"noreferrer noopener\" style=\"border-radius:2px;color:#FFFFFF;background-color:#2C2C2C;padding-top:14px;padding-right:36px;padding-bottom:14px;padding-left:36px\">Recevoir la brochure Mariage<\/a><\/div>\n<\/div>\n<div style=\"height:60px\" aria-hidden=\"true\" class=\"wp-block-spacer\"><\/div>\n<div class=\"wp-block-group hz-intro-section has-background is-layout-constrained wp-container-core-group-is-layout-75a9fa4f wp-block-group-is-layout-constrained\" style=\"background-color:#FAF8F5;padding:3rem 2rem\">\n<h2 class=\"wp-block-heading has-text-align-center\" style=\"font-family:'Playfair Display',Georgia,serif;font-size:30px;font-weight:400;color:#2C2C2C;letter-spacing:0.02em\">Un mariage au vert, sans compromis logistique<\/h2>\n<hr class=\"wp-block-separator aligncenter has-text-color has-alpha-channel-opacity has-background\" style=\"background-color:#C9A96E;color:#C9A96E;max-width:60px;height:2px;margin:1rem auto 2rem\"\/>\n<p class=\"has-text-align-justify\" style=\"font-family:Georgia,serif;font-size:17px;line-height:1.8;color:#3A3A3A\">Le Ch\u00e2teau d\u2019Hazeville offre l\u2019\u00e9quilibre rare entre un domaine pr\u00e9serv\u00e9 au c\u0153ur du <strong>Vexin fran\u00e7ais<\/strong>, \u00e0 l\u2019air de la campagne, et une proximit\u00e9 directe avec Paris. Ni trop loin, ni perdu&nbsp;: un cadre naturel d\u2019exception, avec la s\u00e9r\u00e9nit\u00e9 qu\u2019on attend d\u2019un mariage en r\u00e9gion, mais acc\u00e9d\u00e9 par vos invit\u00e9s en quelques dizaines de minutes depuis la capitale.<\/p>\n<p class=\"has-text-align-justify\" style=\"font-family:Georgia,serif;font-size:17px;line-height:1.8;color:#3A3A3A\">Cette position strat\u00e9gique en fait un lieu de c\u00e9l\u00e9bration id\u00e9al pour les <strong>familles internationales<\/strong>, les invit\u00e9s venus de province comme de Paris, et les couples qui souhaitent recevoir sans que personne n\u2019ait \u00e0 composer avec une logistique complexe.<\/p>\n<\/div>\n<h2 class=\"wp-block-heading has-text-align-center\" style=\"font-family:'Playfair Display',Georgia,serif;font-size:32px;font-weight:400;color:#2C2C2C;margin:4rem auto 0.5rem;letter-spacing:0.02em\">Situation g\u00e9ographique<\/h2>\n<p class=\"has-text-align-center\" style=\"font-style:italic;color:#888;font-size:14px;margin-bottom:2rem\">Au c\u0153ur du Vexin fran\u00e7ais, \u00e0 la fronti\u00e8re du Val-d\u2019Oise et des Yvelines<\/p>\n<figure class=\"wp-block-embed is-type-video wp-embed-aspect-16-9 wp-has-aspect-ratio\" style=\"max-width:1000px;margin:0 auto 3rem\">\n<div class=\"wp-block-embed__wrapper\" style=\"position:relative;padding-bottom:56.25%;height:0;overflow:hidden\">\n<iframe data-src=\"https:\/\/maps.google.com\/maps?q=Ch%C3%A2teau+d%27Hazeville%2C+95420+Wy-dit-Joli-Village&#038;z=10&#038;ie=UTF8&#038;iwloc=B&#038;output=embed\" width=\"100%\" height=\"100%\" style=\"position:absolute;top:0;left:0;border:0\" referrerpolicy=\"no-referrer-when-downgrade\" title=\"Ch\u00e2teau d\u2019Hazeville sur la carte\" src=\"data:image\/svg+xml;base64,PHN2ZyB3aWR0aD0iMSIgaGVpZ2h0PSIxIiB4bWxucz0iaHR0cDovL3d3dy53My5vcmcvMjAwMC9zdmciPjwvc3ZnPg==\" class=\"lazyload\" data-load-mode=\"1\"><\/iframe>\n<\/div><figcaption class=\"wp-element-caption\">Ch\u00e2teau d\u2019Hazeville &mdash; 95420 Wy-dit-Joli-Village<\/figcaption><\/figure>\n<h2 class=\"wp-block-heading has-text-align-center\" style=\"font-family:'Playfair Display',Georgia,serif;font-size:32px;font-weight:400;color:#2C2C2C;margin:4rem auto 0.5rem;letter-spacing:0.02em\">Temps de trajet<\/h2>\n<hr class=\"wp-block-separator aligncenter has-text-color has-alpha-channel-opacity has-background\" style=\"background-color:#C9A96E;color:#C9A96E;max-width:60px;height:2px;margin:1rem auto 2.5rem\"\/>\n<div class=\"hz-trajet-grid\" style=\"display:grid;grid-template-columns:repeat(auto-fit,minmax(200px,1fr));gap:1.5rem;max-width:1100px;margin:0 auto 3rem;padding:0 2rem\">\n<div class=\"hz-trajet-card\" style=\"background:#FFF;border-left:3px solid #C9A96E;padding:1.5rem 1.2rem;text-align:center;border-radius:4px;box-shadow:0 2px 10px rgba(0,0,0,0.04)\">\n<div style=\"font-family:'Playfair Display',Georgia,serif;font-size:32px;color:#C9A96E;font-weight:700;line-height:1\">~45 min<\/div>\n<div style=\"font-family:Inter,sans-serif;font-size:13px;color:#2C2C2C;margin-top:0.5rem;letter-spacing:0.08em;text-transform:uppercase\">Porte Maillot<\/div>\n<\/div>\n<div class=\"hz-trajet-card\" style=\"background:#FFF;border-left:3px solid #C9A96E;padding:1.5rem 1.2rem;text-align:center;border-radius:4px;box-shadow:0 2px 10px rgba(0,0,0,0.04)\">\n<div style=\"font-family:'Playfair Display',Georgia,serif;font-size:32px;color:#C9A96E;font-weight:700;line-height:1\">~40 min<\/div>\n<div style=\"font-family:Inter,sans-serif;font-size:13px;color:#2C2C2C;margin-top:0.5rem;letter-spacing:0.08em;text-transform:uppercase\">La D\u00e9fense<\/div>\n<\/div>\n<div class=\"hz-trajet-card\" style=\"background:#FFF;border-left:3px solid #C9A96E;padding:1.5rem 1.2rem;text-align:center;border-radius:4px;box-shadow:0 2px 10px rgba(0,0,0,0.04)\">\n<div style=\"font-family:'Playfair Display',Georgia,serif;font-size:32px;color:#C9A96E;font-weight:700;line-height:1\">~55 min<\/div>\n<div style=\"font-family:Inter,sans-serif;font-size:13px;color:#2C2C2C;margin-top:0.5rem;letter-spacing:0.08em;text-transform:uppercase\">A\u00e9roport CDG<\/div>\n<\/div>\n<div class=\"hz-trajet-card\" style=\"background:#FFF;border-left:3px solid #C9A96E;padding:1.5rem 1.2rem;text-align:center;border-radius:4px;box-shadow:0 2px 10px rgba(0,0,0,0.04)\">\n<div style=\"font-family:'Playfair Display',Georgia,serif;font-size:32px;color:#C9A96E;font-weight:700;line-height:1\">~1h10<\/div>\n<div style=\"font-family:Inter,sans-serif;font-size:13px;color:#2C2C2C;margin-top:0.5rem;letter-spacing:0.08em;text-transform:uppercase\">A\u00e9roport Orly<\/div>\n<\/div>\n<div class=\"hz-trajet-card\" style=\"background:#FFF;border-left:3px solid #C9A96E;padding:1.5rem 1.2rem;text-align:center;border-radius:4px;box-shadow:0 2px 10px rgba(0,0,0,0.04)\">\n<div style=\"font-family:'Playfair Display',Georgia,serif;font-size:32px;color:#C9A96E;font-weight:700;line-height:1\">~50 min<\/div>\n<div style=\"font-family:Inter,sans-serif;font-size:13px;color:#2C2C2C;margin-top:0.5rem;letter-spacing:0.08em;text-transform:uppercase\">Le Bourget<\/div>\n<\/div>\n<div class=\"hz-trajet-card\" style=\"background:#FFF;border-left:3px solid #C9A96E;padding:1.5rem 1.2rem;text-align:center;border-radius:4px;box-shadow:0 2px 10px rgba(0,0,0,0.04)\">\n<div style=\"font-family:'Playfair Display',Georgia,serif;font-size:32px;color:#C9A96E;font-weight:700;line-height:1\">~15 min<\/div>\n<div style=\"font-family:Inter,sans-serif;font-size:13px;color:#2C2C2C;margin-top:0.5rem;letter-spacing:0.08em;text-transform:uppercase\">RER A Cergy-le-Haut + taxi<\/div>\n<\/div>\n<\/div>\n<p style=\"text-align:center;font-style:italic;color:#888;font-size:13px;margin-bottom:4rem\">Temps indicatifs selon trafic.<\/p>\n<div class=\"wp-block-group hz-helico-section has-background is-layout-constrained wp-container-core-group-is-layout-ef6bd01c wp-block-group-is-layout-constrained\" style=\"background-color:#2C2C2C;padding:4rem 2rem;margin:3rem 0\">\n<h2 class=\"wp-block-heading has-text-align-center has-text-color\" style=\"font-family:'Playfair Display',Georgia,serif;font-size:28px;font-weight:400;color:#FFFFFF;letter-spacing:0.05em\">Arriv\u00e9es priv\u00e9es<\/h2>\n<hr class=\"wp-block-separator aligncenter has-text-color has-alpha-channel-opacity has-background\" style=\"background-color:#C9A96E;color:#C9A96E;max-width:60px;height:2px;margin:1rem auto 2rem\"\/>\n<p class=\"has-text-align-center has-text-color\" style=\"font-family:Georgia,serif;color:#E5E5E5;font-size:16px;line-height:1.8;max-width:700px;margin:0 auto\">Arriv\u00e9es priv\u00e9es par h\u00e9licopt\u00e8re possibles sur demande, via zone d\u2019atterrissage ponctuelle sur le domaine et coordination avec prestataire agr\u00e9\u00e9. \u00c0 proximit\u00e9 \u00e9galement\u00a0: a\u00e9rodrome de Pontoise-Cormeilles (~15&nbsp;min) et a\u00e9rodrome de Toussus-le-Noble (~40&nbsp;min).<\/p>\n<\/div>\n<h2 class=\"wp-block-heading has-text-align-center\" style=\"font-family:'Playfair Display',Georgia,serif;font-size:32px;font-weight:400;color:#2C2C2C;margin:4rem auto 0.5rem;letter-spacing:0.02em\">Confort de vos invit\u00e9s<\/h2>\n<hr class=\"wp-block-separator aligncenter has-text-color has-alpha-channel-opacity has-background\" style=\"background-color:#C9A96E;color:#C9A96E;max-width:60px;height:2px;margin:1rem auto 2.5rem\"\/>\n<div class=\"wp-block-columns is-layout-flex wp-container-core-columns-is-layout-9d6595d7 wp-block-columns-is-layout-flex\" style=\"max-width:1100px;margin:0 auto;gap:2rem\">\n<div class=\"wp-block-column is-layout-flow wp-block-column-is-layout-flow\">\n<p style=\"font-family:Georgia,serif;font-size:16px;line-height:1.7;color:#3A3A3A\"><strong style=\"color:#2C2C2C\"> Parking priv\u00e9 sur place<\/strong><br \/>Espace r\u00e9serv\u00e9 aux convives, accessible toute la dur\u00e9e de l\u2019\u00e9v\u00e9nement.<\/p>\n<\/div>\n<div class=\"wp-block-column is-layout-flow wp-block-column-is-layout-flow\">\n<p style=\"font-family:Georgia,serif;font-size:16px;line-height:1.7;color:#3A3A3A\"><strong style=\"color:#2C2C2C\"> Acc\u00e8s routier simple<\/strong><br \/>Itin\u00e9raire fluide depuis Paris, autoroute A15 puis routes du Vexin.<\/p>\n<\/div>\n<\/div>\n<div class=\"wp-block-columns is-layout-flex wp-container-core-columns-is-layout-9d6595d7 wp-block-columns-is-layout-flex\" style=\"max-width:1100px;margin:0 auto 4rem;gap:2rem\">\n<div class=\"wp-block-column is-layout-flow wp-block-column-is-layout-flow\">\n<p style=\"font-family:Georgia,serif;font-size:16px;line-height:1.7;color:#3A3A3A\"><strong style=\"color:#2C2C2C\"> Navettes &#038; transferts priv\u00e9s<\/strong><br \/>Sur demande&nbsp;: navettes depuis Paris, CDG ou Orly, coordination via prestataires partenaires.<\/p>\n<\/div>\n<div class=\"wp-block-column is-layout-flow wp-block-column-is-layout-flow\">\n<p style=\"font-family:Georgia,serif;font-size:16px;line-height:1.7;color:#3A3A3A\"><strong style=\"color:#2C2C2C\"> H\u00e9bergements sur le domaine<\/strong><br \/>45 couchages sur place &mdash; Pigeonnier, Loft, G\u00eetes d\u2019\u00e9tape &mdash; pour prolonger l\u2019exp\u00e9rience.<\/p>\n<\/div>\n<\/div>\n<div class=\"wp-block-group hz-conclusion-section has-background is-layout-constrained wp-container-core-group-is-layout-cab3d6f6 wp-block-group-is-layout-constrained\" style=\"background-color:#FAF8F5;padding:3rem 2rem;margin:3rem 0;text-align:center\">\n<p class=\"has-text-align-center\" style=\"font-family:Georgia,serif;font-style:italic;font-size:18px;line-height:1.8;color:#2C2C2C\">R\u00e9unir familles et amis venus de Paris, de province ou de l\u2019\u00e9tranger&nbsp;; c\u00e9l\u00e9brer au c\u0153ur de la campagne sans contrainte d\u2019organisation. Le Ch\u00e2teau d\u2019Hazeville rend les grands rassemblements simples, fluides, \u00e9vidents.<\/p>\n<\/div>\n<h2 class=\"wp-block-heading has-text-align-center\" style=\"font-family:'Playfair Display',Georgia,serif;font-size:32px;font-weight:400;color:#2C2C2C;margin:3rem auto 1rem;letter-spacing:0.02em\">Organisez votre visite priv\u00e9e<\/h2>\n<hr class=\"wp-block-separator aligncenter has-text-color has-alpha-channel-opacity has-background\" style=\"background-color:#C9A96E;color:#C9A96E;max-width:60px;height:2px;margin:1rem auto 2rem\"\/>\n<div class=\"wp-block-buttons is-content-justification-center is-layout-flex wp-container-core-buttons-is-layout-16018d1d wp-block-buttons-is-layout-flex\">\n<div class=\"wp-block-button\" style=\"font-size:14px;font-weight:600;letter-spacing:0.15em;text-transform:uppercase\"><a class=\"wp-block-button__link has-text-color has-background wp-element-button\" href=\"https:\/\/www.hazeville.fr\/wp-content\/uploads\/2025\/09\/Brochure-Chateau-dHazeville_25_26_CST.pdf\" target=\"_blank\" rel=\"noreferrer noopener\" style=\"border-radius:2px;color:#FFFFFF;background-color:#2C2C2C;padding-top:14px;padding-right:36px;padding-bottom:14px;padding-left:36px\">Recevoir la brochure Mariage<\/a><\/div>\n<\/div>\n<p class=\"has-text-align-center\" style=\"margin:1.5rem auto 3rem;font-size:14px;color:#666\">Ou appelez-nous directement au <a href=\"tel:+33614197930\" style=\"color:#8B6914;font-weight:600\">06\u00a014\u00a019\u00a079\u00a030<\/a><\/p>\n<link rel=\"preload\" as=\"image\" href=\"https:\/\/www.hazeville.fr\/wp-content\/uploads\/2026\/04\/chateau-hazeville-4saisons-automne.jpg\" fetchpriority=\"high\">\n","protected":false},"excerpt":{"rendered":"<p>Acc\u00e8s au Ch\u00e2teau d&rsquo;Hazeville : 40 min de Paris, 3 a\u00e9roports internationaux \u00e0 moins d&rsquo;une heure, h\u00e9liport priv\u00e9 sur demande. Mariage au vert en \u00cele-de-France sans contrainte logistique.<\/p>","protected":false},"author":2,"featured_media":0,"parent":210,"menu_order":0,"comment_status":"closed","ping_status":"closed","template":"","meta":{"_et_pb_use_builder":"on","_et_pb_old_content":"","_et_gb_content_width":"","footnotes":""},"class_list":["post-5161","page","type-page","status-publish","hentry"],"_links":{"self":[{"href":"https:\/\/www.hazeville.fr\/en\/wp-json\/wp\/v2\/pages\/5161","targetHints":{"allow":["GET"]}}],"collection":[{"href":"https:\/\/www.hazeville.fr\/en\/wp-json\/wp\/v2\/pages"}],"about":[{"href":"https:\/\/www.hazeville.fr\/en\/wp-json\/wp\/v2\/types\/page"}],"author":[{"embeddable":true,"href":"https:\/\/www.hazeville.fr\/en\/wp-json\/wp\/v2\/users\/2"}],"replies":[{"embeddable":true,"href":"https:\/\/www.hazeville.fr\/en\/wp-json\/wp\/v2\/comments?post=5161"}],"version-history":[{"count":73,"href":"https:\/\/www.hazeville.fr\/en\/wp-json\/wp\/v2\/pages\/5161\/revisions"}],"predecessor-version":[{"id":13592,"href":"https:\/\/www.hazeville.fr\/en\/wp-json\/wp\/v2\/pages\/5161\/revisions\/13592"}],"up":[{"embeddable":true,"href":"https:\/\/www.hazeville.fr\/en\/wp-json\/wp\/v2\/pages\/210"}],"wp:attachment":[{"href":"https:\/\/www.hazeville.fr\/en\/wp-json\/wp\/v2\/media?parent=5161"}],"curies":[{"name":"wp","href":"https:\/\/api.w.org\/{rel}","templated":true}]}}