{"id":578,"date":"2022-11-10T09:42:45","date_gmt":"2022-11-10T09:42:45","guid":{"rendered":"https:\/\/www.hazeville.fr\/?page_id=578"},"modified":"2026-04-20T20:45:51","modified_gmt":"2026-04-20T20:45:51","slug":"mentions-legales","status":"publish","type":"page","link":"https:\/\/www.hazeville.fr\/en\/mentions-legales\/","title":{"rendered":"Mentions L\u00e9gales"},"content":{"rendered":"<p>[et_pb_section fb_built=\u00a0\u00bb1&Prime; admin_label=\u00a0\u00bbHero\u00a0\u00bb module_class=\u00a0\u00bbhz-hero\u00a0\u00bb _builder_version=\u00a0\u00bb4.27.4&Prime; background_color=\u00a0\u00bb#FAF8F5&Prime; custom_padding=\u00a0\u00bb80px||80px||true|false\u00a0\u00bb global_colors_info=\u00a0\u00bb{}\u00a0\u00bb][et_pb_row _builder_version=\u00a0\u00bb4.27.4&Prime;][et_pb_column type=\u00a0\u00bb4_4&Prime; _builder_version=\u00a0\u00bb4.27.4&Prime;][et_pb_text _builder_version=\u00a0\u00bb4.27.4&Prime; text_text_color=\u00a0\u00bb#2C2C2C\u00a0\u00bb header_font=\u00a0\u00bbPlayfair Display||||||||\u00a0\u00bb header_text_align=\u00a0\u00bbcenter\u00a0\u00bb header_text_color=\u00a0\u00bb#2C2C2C\u00a0\u00bb header_font_size=\u00a0\u00bb44px\u00a0\u00bb header_font_size_tablet=\u00a0\u00bb34px\u00a0\u00bb header_font_size_phone=\u00a0\u00bb28px\u00a0\u00bb header_font_size_last_edited=\u00a0\u00bbon|phone\u00a0\u00bb text_orientation=\u00a0\u00bbcenter\u00a0\u00bb]<\/p>\n<h1>Mentions l\u00e9gales<\/h1>\n<p style=\"color:#C9A96E;letter-spacing:0.1em;font-size:13px;text-transform:uppercase;\">Derni\u00e8re mise \u00e0 jour : 20 avril 2026<\/p>\n<p>[\/et_pb_text][\/et_pb_column][\/et_pb_row][\/et_pb_section][et_pb_section fb_built=\u00a0\u00bb1&Prime; _builder_version=\u00a0\u00bb4.27.4&Prime; custom_padding=\u00a0\u00bb60px||60px||true|false\u00a0\u00bb global_colors_info=\u00a0\u00bb{}\u00a0\u00bb][et_pb_row _builder_version=\u00a0\u00bb4.27.4&Prime; max_width=\u00a0\u00bb900px\u00a0\u00bb][et_pb_column type=\u00a0\u00bb4_4&Prime; _builder_version=\u00a0\u00bb4.27.4&Prime;][et_pb_text _builder_version=\u00a0\u00bb4.27.4&Prime; text_font=\u00a0\u00bbInter|||||||\u00a0\u00bb text_font_size=\u00a0\u00bb16px\u00a0\u00bb text_line_height=\u00a0\u00bb1.8&Prime; header_2_font=\u00a0\u00bbPlayfair Display||||||||\u00a0\u00bb header_2_text_color=\u00a0\u00bb#2C2C2C\u00a0\u00bb header_2_font_size=\u00a0\u00bb28px\u00a0\u00bb header_3_font=\u00a0\u00bbInter|600||||||\u00a0\u00bb header_3_text_color=\u00a0\u00bb#8B6914&Prime; header_3_font_size=\u00a0\u00bb18px\u00a0\u00bb]<\/p>\n<h2>\u00c9diteur du site<\/h2>\n<p>Le site <strong>www.hazeville.fr<\/strong> est \u00e9dit\u00e9 par :<\/p>\n<p><strong>CHATEAU D&rsquo;HAZEVILLE<\/strong><br \/>\nSoci\u00e9t\u00e9 par actions simplifi\u00e9e (SAS) au capital de 1 000 \u20ac<br \/>\nSi\u00e8ge social : Hazeville, RD 81, 95420 Wy-dit-Joli-Village, France<br \/>\nRCS Pontoise : 882 551 534<br \/>\nSIRET : 882 551 534 00010<br \/>\nN\u00b0 TVA intracommunautaire : FR38 882 551 534<br \/>\nCode APE : 55.10Z (H\u00f4tels et h\u00e9bergement similaire)<br \/>\nT\u00e9l\u00e9phone : <a href=\"tel:+33614197930\">06 14 19 79 30<\/a><br \/>\nEmail : <a href=\"mailto:contact@hazeville.fr\">contact@hazeville.fr<\/a><\/p>\n<h2>Directeur de la publication<\/h2>\n<p>Monsieur <strong>Thibault Deneck<\/strong>, en sa qualit\u00e9 de Pr\u00e9sident de la SAS CHATEAU D&rsquo;HAZEVILLE.<\/p>\n<h2>H\u00e9bergeur du site<\/h2>\n<p><strong>O2SWITCH<\/strong><br \/>\nSAS au capital de 100 000 \u20ac<br \/>\nSi\u00e8ge social : 222-224 boulevard Gustave Flaubert, 63000 Clermont-Ferrand, France<br \/>\nRCS Clermont-Ferrand : 510 909 807<br \/>\nT\u00e9l\u00e9phone : 04 44 44 60 40<br \/>\nSite : <a href=\"https:\/\/www.o2switch.fr\" target=\"_blank\" rel=\"noopener\">www.o2switch.fr<\/a><\/p>\n<h2>Propri\u00e9t\u00e9 intellectuelle<\/h2>\n<p>L&rsquo;ensemble du contenu du site www.hazeville.fr (structure, textes, images, photographies, vid\u00e9os, logos, graphismes, marques, noms de domaine) est la propri\u00e9t\u00e9 exclusive de la SAS CHATEAU D&rsquo;HAZEVILLE ou de ses partenaires, et est prot\u00e9g\u00e9 par les lois en vigueur sur la propri\u00e9t\u00e9 intellectuelle (Code de la propri\u00e9t\u00e9 intellectuelle, art. L.111-1 et suivants).<\/p>\n<p>Toute reproduction, repr\u00e9sentation, modification, publication, adaptation, totale ou partielle, de tout ou partie des \u00e9l\u00e9ments du site, quel que soit le moyen ou le proc\u00e9d\u00e9 utilis\u00e9, est interdite sans autorisation \u00e9crite pr\u00e9alable de la SAS CHATEAU D&rsquo;HAZEVILLE.<\/p>\n<p>Toute exploitation non autoris\u00e9e du site ou de l&rsquo;un quelconque de ses \u00e9l\u00e9ments constituerait une contrefa\u00e7on passible de poursuites au sens des articles L.335-2 et suivants du Code de la propri\u00e9t\u00e9 intellectuelle.<\/p>\n<h2>Photographies et cr\u00e9dits<\/h2>\n<p>Les photographies pr\u00e9sentes sur le site sont la propri\u00e9t\u00e9 de la SAS CHATEAU D&rsquo;HAZEVILLE ou de leurs auteurs respectifs (photographes partenaires, clients ayant autoris\u00e9 la diffusion). Toute reproduction n\u00e9cessite une autorisation \u00e9crite.<\/p>\n<h2>Limitation de responsabilit\u00e9<\/h2>\n<p>La SAS CHATEAU D&rsquo;HAZEVILLE s&rsquo;efforce d&rsquo;assurer l&rsquo;exactitude et la mise \u00e0 jour des informations diffus\u00e9es sur le site www.hazeville.fr, dont elle se r\u00e9serve le droit de corriger, \u00e0 tout moment et sans pr\u00e9avis, le contenu. Elle ne peut cependant garantir l&rsquo;exactitude, la pr\u00e9cision ou l&rsquo;exhaustivit\u00e9 des informations mises \u00e0 disposition sur ce site.<\/p>\n<p>En cons\u00e9quence, la SAS CHATEAU D&rsquo;HAZEVILLE d\u00e9cline toute responsabilit\u00e9 :<\/p>\n<ul>\n<li>Pour toute impr\u00e9cision, inexactitude ou omission portant sur des informations disponibles sur le site ;<\/li>\n<li>Pour tous dommages r\u00e9sultant d&rsquo;une intrusion frauduleuse d&rsquo;un tiers ayant entra\u00een\u00e9 une modification des informations mises \u00e0 disposition sur le site ;<\/li>\n<li>Et plus g\u00e9n\u00e9ralement pour tous dommages, directs ou indirects, qu&rsquo;elles qu&rsquo;en soient les causes, origines, nature ou cons\u00e9quences, provoqu\u00e9s \u00e0 raison de l&rsquo;acc\u00e8s de quiconque au site ou de l&rsquo;impossibilit\u00e9 d&rsquo;y acc\u00e9der.<\/li>\n<\/ul>\n<h2>Liens hypertextes<\/h2>\n<p>Le site www.hazeville.fr peut contenir des liens hypertextes vers d&rsquo;autres sites. La SAS CHATEAU D&rsquo;HAZEVILLE n&rsquo;exerce aucun contr\u00f4le sur ces sites et d\u00e9cline toute responsabilit\u00e9 quant \u00e0 leur contenu.<\/p>\n<h2>Droit applicable et juridiction comp\u00e9tente<\/h2>\n<p>Les pr\u00e9sentes mentions l\u00e9gales sont r\u00e9gies par le droit fran\u00e7ais. En cas de litige, et \u00e0 d\u00e9faut d&rsquo;accord amiable, le litige sera port\u00e9 devant les tribunaux fran\u00e7ais comp\u00e9tents conform\u00e9ment aux r\u00e8gles de comp\u00e9tence en vigueur.<\/p>\n<h2>Cookies et donn\u00e9es personnelles<\/h2>\n<p>Pour toute information relative \u00e0 la gestion des cookies et \u00e0 la protection de vos donn\u00e9es personnelles, veuillez consulter notre <a href=\"\/politique-de-confidentialite\/\">Politique de confidentialit\u00e9<\/a>.<\/p>\n<h2>Contact<\/h2>\n<p>Pour toute question relative au site www.hazeville.fr, vous pouvez contacter la SAS CHATEAU D&rsquo;HAZEVILLE :<\/p>\n<ul>\n<li>Par email : <a href=\"mailto:contact@hazeville.fr\">contact@hazeville.fr<\/a><\/li>\n<li>Par t\u00e9l\u00e9phone : <a href=\"tel:+33614197930\">06 14 19 79 30<\/a><\/li>\n<li>Par courrier : CHATEAU D&rsquo;HAZEVILLE, Hazeville, RD 81, 95420 Wy-dit-Joli-Village<\/li>\n<\/ul>\n<p>[\/et_pb_text][\/et_pb_column][\/et_pb_row][\/et_pb_section]<\/p>\n","protected":false},"excerpt":{"rendered":"<p>Mentions l\u00e9gales Derni\u00e8re mise \u00e0 jour : 20 avril 2026 \u00c9diteur du site Le site www.hazeville.fr est \u00e9dit\u00e9 par : CHATEAU D&rsquo;HAZEVILLE Soci\u00e9t\u00e9 par actions simplifi\u00e9e (SAS) au capital de 1 000 \u20ac Si\u00e8ge social : Hazeville, RD 81, 95420 Wy-dit-Joli-Village, France RCS Pontoise : 882 551 534 SIRET : 882 551 534 00010 N\u00b0 [&hellip;]<\/p>\n","protected":false},"author":1,"featured_media":0,"parent":0,"menu_order":10,"comment_status":"closed","ping_status":"closed","template":"","meta":{"_et_pb_use_builder":"on","_et_pb_old_content":"","_et_gb_content_width":"","footnotes":""},"class_list":["post-578","page","type-page","status-publish","hentry"],"_links":{"self":[{"href":"https:\/\/www.hazeville.fr\/en\/wp-json\/wp\/v2\/pages\/578","targetHints":{"allow":["GET"]}}],"collection":[{"href":"https:\/\/www.hazeville.fr\/en\/wp-json\/wp\/v2\/pages"}],"about":[{"href":"https:\/\/www.hazeville.fr\/en\/wp-json\/wp\/v2\/types\/page"}],"author":[{"embeddable":true,"href":"https:\/\/www.hazeville.fr\/en\/wp-json\/wp\/v2\/users\/1"}],"replies":[{"embeddable":true,"href":"https:\/\/www.hazeville.fr\/en\/wp-json\/wp\/v2\/comments?post=578"}],"version-history":[{"count":79,"href":"https:\/\/www.hazeville.fr\/en\/wp-json\/wp\/v2\/pages\/578\/revisions"}],"predecessor-version":[{"id":13730,"href":"https:\/\/www.hazeville.fr\/en\/wp-json\/wp\/v2\/pages\/578\/revisions\/13730"}],"wp:attachment":[{"href":"https:\/\/www.hazeville.fr\/en\/wp-json\/wp\/v2\/media?parent=578"}],"curies":[{"name":"wp","href":"https:\/\/api.w.org\/{rel}","templated":true}]}}